{"id":27521,"date":"2024-09-10T08:38:00","date_gmt":"2024-09-10T07:38:00","guid":{"rendered":"https:\/\/www.tongou.com\/fr\/?page_id=27521"},"modified":"2024-10-06T09:05:23","modified_gmt":"2024-10-06T08:05:23","slug":"tovme-document","status":"publish","type":"page","link":"https:\/\/www.tongou.com\/fr\/manuels_utilisateurs\/tovme-document\/","title":{"rendered":"TOVME  Document"},"content":{"rendered":"\t\t<div data-elementor-type=\"wp-page\" data-elementor-id=\"27521\" class=\"elementor elementor-27521\">\n\t\t\t\t\t\t<section class=\"elementor-section elementor-top-section elementor-element elementor-element-55090326 elementor-section-boxed elementor-section-height-default elementor-section-height-default\" data-id=\"55090326\" data-element_type=\"section\">\n\t\t\t\t\t\t<div class=\"elementor-container elementor-column-gap-default\">\n\t\t\t\t\t<div class=\"elementor-column elementor-col-100 elementor-top-column elementor-element elementor-element-4f7442dd\" data-id=\"4f7442dd\" data-element_type=\"column\">\n\t\t\t<div class=\"elementor-widget-wrap elementor-element-populated\">\n\t\t\t\t\t\t<section class=\"elementor-section elementor-inner-section elementor-element elementor-element-48ac1f1e elementor-section-boxed elementor-section-height-default elementor-section-height-default\" data-id=\"48ac1f1e\" data-element_type=\"section\">\n\t\t\t\t\t\t<div class=\"elementor-container elementor-column-gap-default\">\n\t\t\t\t\t<div class=\"elementor-column elementor-col-50 elementor-inner-column elementor-element elementor-element-693ca00d\" data-id=\"693ca00d\" data-element_type=\"column\">\n\t\t\t<div class=\"elementor-widget-wrap elementor-element-populated\">\n\t\t\t\t\t\t<div class=\"elementor-element elementor-element-4d8a4a0f elementor-widget__width-initial elementor-widget elementor-widget-image\" data-id=\"4d8a4a0f\" data-element_type=\"widget\" data-widget_type=\"image.default\">\n\t\t\t\t<div class=\"elementor-widget-container\">\n\t\t\t\t\t\t\t\t\t\t\t\t\t<img fetchpriority=\"high\" decoding=\"async\" width=\"960\" height=\"960\" src=\"https:\/\/www.tongou.com\/fr\/wp-content\/uploads\/2023\/05\/Din-Rail-Single-Phase-Digital-Voltmeter-TOVME-1-60-450VAC.jpg\" class=\"attachment-full size-full wp-image-18408\" alt=\"Voltm\u00e8tre num\u00e9rique monophas\u00e9 \u00e0 rail DIN - TOVME-1 60-450VAC\" srcset=\"https:\/\/www.tongou.com\/fr\/wp-content\/uploads\/2023\/05\/Din-Rail-Single-Phase-Digital-Voltmeter-TOVME-1-60-450VAC.jpg 960w, https:\/\/www.tongou.com\/fr\/wp-content\/uploads\/2023\/05\/Din-Rail-Single-Phase-Digital-Voltmeter-TOVME-1-60-450VAC-300x300.jpg 300w, https:\/\/www.tongou.com\/fr\/wp-content\/uploads\/2023\/05\/Din-Rail-Single-Phase-Digital-Voltmeter-TOVME-1-60-450VAC-150x150.jpg 150w, https:\/\/www.tongou.com\/fr\/wp-content\/uploads\/2023\/05\/Din-Rail-Single-Phase-Digital-Voltmeter-TOVME-1-60-450VAC-768x768.jpg 768w, https:\/\/www.tongou.com\/fr\/wp-content\/uploads\/2023\/05\/Din-Rail-Single-Phase-Digital-Voltmeter-TOVME-1-60-450VAC-491x491.jpg 491w, https:\/\/www.tongou.com\/fr\/wp-content\/uploads\/2023\/05\/Din-Rail-Single-Phase-Digital-Voltmeter-TOVME-1-60-450VAC-600x600.jpg 600w, https:\/\/www.tongou.com\/fr\/wp-content\/uploads\/2023\/05\/Din-Rail-Single-Phase-Digital-Voltmeter-TOVME-1-60-450VAC-100x100.jpg 100w\" sizes=\"(max-width: 960px) 100vw, 960px\" \/>\t\t\t\t\t\t\t\t\t\t\t\t\t<\/div>\n\t\t\t\t<\/div>\n\t\t\t\t\t<\/div>\n\t\t<\/div>\n\t\t\t\t<div class=\"elementor-column elementor-col-50 elementor-inner-column elementor-element elementor-element-52edf377\" data-id=\"52edf377\" data-element_type=\"column\">\n\t\t\t<div class=\"elementor-widget-wrap elementor-element-populated\">\n\t\t\t\t\t\t<div class=\"elementor-element elementor-element-7603d6f9 elementor-widget__width-initial elementor-widget elementor-widget-text-editor\" data-id=\"7603d6f9\" data-element_type=\"widget\" data-widget_type=\"text-editor.default\">\n\t\t\t\t<div class=\"elementor-widget-container\">\n\t\t\t\t\t\t\t<p style=\"text-align: center;\"><strong><span style=\"font-size: 18pt;\">MANUEL POUR AC<\/span><\/strong><\/p>\t\t\t\t\t\t<\/div>\n\t\t\t\t<\/div>\n\t\t\t\t<div class=\"elementor-element elementor-element-41b0e3d3 elementor-widget elementor-widget-image\" data-id=\"41b0e3d3\" data-element_type=\"widget\" data-widget_type=\"image.default\">\n\t\t\t\t<div class=\"elementor-widget-container\">\n\t\t\t\t\t\t\t\t\t\t<figure class=\"wp-caption\">\n\t\t\t\t\t\t\t\t\t\t<img decoding=\"async\" width=\"100\" height=\"100\" src=\"https:\/\/www.tongou.com\/fr\/wp-content\/uploads\/2024\/09\/User-Manual.png\" class=\"attachment-full size-full wp-image-27424\" alt=\"\" srcset=\"https:\/\/www.tongou.com\/fr\/wp-content\/uploads\/2024\/09\/User-Manual.png 100w, https:\/\/www.tongou.com\/fr\/wp-content\/uploads\/2024\/09\/User-Manual-64x64.png 64w\" sizes=\"(max-width: 100px) 100vw, 100px\" \/>\t\t\t\t\t\t\t\t\t\t\t<figcaption class=\"widget-image-caption wp-caption-text\">Manuel de l'utilisateur<\/figcaption>\n\t\t\t\t\t\t\t\t\t\t<\/figure>\n\t\t\t\t\t\t\t<\/div>\n\t\t\t\t<\/div>\n\t\t\t\t<div class=\"elementor-element elementor-element-58011bd6 elementor-align-center elementor-widget elementor-widget-button\" data-id=\"58011bd6\" data-element_type=\"widget\" data-widget_type=\"button.default\">\n\t\t\t\t<div class=\"elementor-widget-container\">\n\t\t\t\t\t<div class=\"elementor-button-wrapper\">\n\t\t\t<a class=\"elementor-button elementor-button-link elementor-size-sm\" href=\"https:\/\/www.tongou.com\/wp-content\/uploads\/2024\/08\/TOVME-Din-Rail-Digital-Voltmeter-Manual.pdf\">\n\t\t\t\t\t\t<span class=\"elementor-button-content-wrapper\">\n\t\t\t\t\t\t\t\t\t<span class=\"elementor-button-text\">En savoir plus<\/span>\n\t\t\t\t\t<\/span>\n\t\t\t\t\t<\/a>\n\t\t<\/div>\n\t\t\t\t<\/div>\n\t\t\t\t<\/div>\n\t\t\t\t\t<\/div>\n\t\t<\/div>\n\t\t\t\t\t<\/div>\n\t\t<\/section>\n\t\t\t\t\t<\/div>\n\t\t<\/div>\n\t\t\t\t\t<\/div>\n\t\t<\/section>\n\t\t\t\t<section class=\"elementor-section elementor-top-section elementor-element elementor-element-7b6594e8 elementor-section-boxed elementor-section-height-default elementor-section-height-default\" data-id=\"7b6594e8\" data-element_type=\"section\">\n\t\t\t\t\t\t<div class=\"elementor-container elementor-column-gap-default\">\n\t\t\t\t\t<div class=\"elementor-column elementor-col-100 elementor-top-column elementor-element elementor-element-31ba1cc1\" data-id=\"31ba1cc1\" data-element_type=\"column\">\n\t\t\t<div class=\"elementor-widget-wrap elementor-element-populated\">\n\t\t\t\t\t\t<section class=\"elementor-section elementor-inner-section elementor-element elementor-element-595e88c9 elementor-section-boxed elementor-section-height-default elementor-section-height-default\" data-id=\"595e88c9\" data-element_type=\"section\">\n\t\t\t\t\t\t<div class=\"elementor-container elementor-column-gap-default\">\n\t\t\t\t\t<div class=\"elementor-column elementor-col-50 elementor-inner-column elementor-element elementor-element-1c2a1f05\" data-id=\"1c2a1f05\" data-element_type=\"column\">\n\t\t\t<div class=\"elementor-widget-wrap elementor-element-populated\">\n\t\t\t\t\t\t<div class=\"elementor-element elementor-element-d9deac5 elementor-widget__width-initial elementor-widget elementor-widget-image\" data-id=\"d9deac5\" data-element_type=\"widget\" data-widget_type=\"image.default\">\n\t\t\t\t<div class=\"elementor-widget-container\">\n\t\t\t\t\t\t\t\t\t\t\t\t\t<img decoding=\"async\" width=\"1200\" height=\"1200\" src=\"https:\/\/www.tongou.com\/fr\/wp-content\/uploads\/2024\/07\/VME-1D\u4e3b\u56fe1.jpg\" class=\"attachment-full size-full wp-image-25110\" alt=\"\" srcset=\"https:\/\/www.tongou.com\/fr\/wp-content\/uploads\/2024\/07\/VME-1D\u4e3b\u56fe1.jpg 1200w, https:\/\/www.tongou.com\/fr\/wp-content\/uploads\/2024\/07\/VME-1D\u4e3b\u56fe1-300x300.jpg 300w, https:\/\/www.tongou.com\/fr\/wp-content\/uploads\/2024\/07\/VME-1D\u4e3b\u56fe1-1024x1024.jpg 1024w, https:\/\/www.tongou.com\/fr\/wp-content\/uploads\/2024\/07\/VME-1D\u4e3b\u56fe1-150x150.jpg 150w, https:\/\/www.tongou.com\/fr\/wp-content\/uploads\/2024\/07\/VME-1D\u4e3b\u56fe1-768x768.jpg 768w, https:\/\/www.tongou.com\/fr\/wp-content\/uploads\/2024\/07\/VME-1D\u4e3b\u56fe1-491x491.jpg 491w, https:\/\/www.tongou.com\/fr\/wp-content\/uploads\/2024\/07\/VME-1D\u4e3b\u56fe1-600x600.jpg 600w, https:\/\/www.tongou.com\/fr\/wp-content\/uploads\/2024\/07\/VME-1D\u4e3b\u56fe1-100x100.jpg 100w, https:\/\/www.tongou.com\/fr\/wp-content\/uploads\/2024\/07\/VME-1D\u4e3b\u56fe1-64x64.jpg 64w\" sizes=\"(max-width: 1200px) 100vw, 1200px\" \/>\t\t\t\t\t\t\t\t\t\t\t\t\t<\/div>\n\t\t\t\t<\/div>\n\t\t\t\t\t<\/div>\n\t\t<\/div>\n\t\t\t\t<div class=\"elementor-column elementor-col-50 elementor-inner-column elementor-element elementor-element-58ed6a52\" data-id=\"58ed6a52\" data-element_type=\"column\">\n\t\t\t<div class=\"elementor-widget-wrap elementor-element-populated\">\n\t\t\t\t\t\t<div class=\"elementor-element elementor-element-2f88926b elementor-widget__width-initial elementor-widget elementor-widget-text-editor\" data-id=\"2f88926b\" data-element_type=\"widget\" data-widget_type=\"text-editor.default\">\n\t\t\t\t<div class=\"elementor-widget-container\">\n\t\t\t\t\t\t\t<p style=\"text-align: center;\"><strong><span style=\"font-size: 18pt;\">MANUEL POUR DC<\/span><\/strong><\/p>\t\t\t\t\t\t<\/div>\n\t\t\t\t<\/div>\n\t\t\t\t<div class=\"elementor-element elementor-element-1f7db226 elementor-widget elementor-widget-image\" data-id=\"1f7db226\" data-element_type=\"widget\" data-widget_type=\"image.default\">\n\t\t\t\t<div class=\"elementor-widget-container\">\n\t\t\t\t\t\t\t\t\t\t<figure class=\"wp-caption\">\n\t\t\t\t\t\t\t\t\t\t<img decoding=\"async\" width=\"100\" height=\"100\" src=\"https:\/\/www.tongou.com\/fr\/wp-content\/uploads\/2024\/09\/User-Manual.png\" class=\"attachment-full size-full wp-image-27424\" alt=\"\" srcset=\"https:\/\/www.tongou.com\/fr\/wp-content\/uploads\/2024\/09\/User-Manual.png 100w, https:\/\/www.tongou.com\/fr\/wp-content\/uploads\/2024\/09\/User-Manual-64x64.png 64w\" sizes=\"(max-width: 100px) 100vw, 100px\" \/>\t\t\t\t\t\t\t\t\t\t\t<figcaption class=\"widget-image-caption wp-caption-text\">Manuel de l'utilisateur<\/figcaption>\n\t\t\t\t\t\t\t\t\t\t<\/figure>\n\t\t\t\t\t\t\t<\/div>\n\t\t\t\t<\/div>\n\t\t\t\t<div class=\"elementor-element elementor-element-5e6a9268 elementor-align-center elementor-widget elementor-widget-button\" data-id=\"5e6a9268\" data-element_type=\"widget\" data-widget_type=\"button.default\">\n\t\t\t\t<div class=\"elementor-widget-container\">\n\t\t\t\t\t<div class=\"elementor-button-wrapper\">\n\t\t\t<a class=\"elementor-button elementor-button-link elementor-size-sm\" href=\"https:\/\/www.tongou.com\/wp-content\/uploads\/2024\/09\/TOVME-Din-Rail-Digital-Voltmeter-Manual-DC.pdf\">\n\t\t\t\t\t\t<span class=\"elementor-button-content-wrapper\">\n\t\t\t\t\t\t\t\t\t<span class=\"elementor-button-text\">En savoir plus<\/span>\n\t\t\t\t\t<\/span>\n\t\t\t\t\t<\/a>\n\t\t<\/div>\n\t\t\t\t<\/div>\n\t\t\t\t<\/div>\n\t\t\t\t\t<\/div>\n\t\t<\/div>\n\t\t\t\t\t<\/div>\n\t\t<\/section>\n\t\t\t\t\t<\/div>\n\t\t<\/div>\n\t\t\t\t\t<\/div>\n\t\t<\/section>\n\t\t\t\t<section class=\"elementor-section elementor-top-section elementor-element elementor-element-4519694b elementor-section-boxed elementor-section-height-default elementor-section-height-default\" data-id=\"4519694b\" data-element_type=\"section\">\n\t\t\t\t\t\t<div class=\"elementor-container elementor-column-gap-default\">\n\t\t\t\t\t<div class=\"elementor-column elementor-col-100 elementor-top-column elementor-element elementor-element-42befcab\" data-id=\"42befcab\" data-element_type=\"column\">\n\t\t\t<div class=\"elementor-widget-wrap elementor-element-populated\">\n\t\t\t\t\t\t<div class=\"elementor-element elementor-element-1cba47e4 elementor-widget elementor-widget-heading\" data-id=\"1cba47e4\" data-element_type=\"widget\" data-widget_type=\"heading.default\">\n\t\t\t\t<div class=\"elementor-widget-container\">\n\t\t\t<h2 class=\"elementor-heading-title elementor-size-default\">Certificate<\/h2>\t\t<\/div>\n\t\t\t\t<\/div>\n\t\t\t\t<section class=\"elementor-section elementor-inner-section elementor-element elementor-element-7458b35e elementor-section-boxed elementor-section-height-default elementor-section-height-default\" data-id=\"7458b35e\" data-element_type=\"section\">\n\t\t\t\t\t\t<div class=\"elementor-container elementor-column-gap-default\">\n\t\t\t\t\t<div class=\"elementor-column elementor-col-50 elementor-inner-column elementor-element elementor-element-46822d62\" data-id=\"46822d62\" data-element_type=\"column\">\n\t\t\t<div class=\"elementor-widget-wrap elementor-element-populated\">\n\t\t\t\t\t\t<div class=\"elementor-element elementor-element-2955b1e5 elementor-widget elementor-widget-toggle\" data-id=\"2955b1e5\" data-element_type=\"widget\" data-widget_type=\"toggle.default\">\n\t\t\t\t<div class=\"elementor-widget-container\">\n\t\t\t\t\t<div class=\"elementor-toggle\">\n\t\t\t\t\t\t\t<div class=\"elementor-toggle-item\">\n\t\t\t\t\t<div id=\"elementor-tab-title-6931\" class=\"elementor-tab-title\" data-tab=\"1\" role=\"button\" aria-controls=\"elementor-tab-content-6931\" aria-expanded=\"false\">\n\t\t\t\t\t\t\t\t\t\t\t\t<span class=\"elementor-toggle-icon elementor-toggle-icon-left\" aria-hidden=\"true\">\n\t\t\t\t\t\t\t\t\t\t\t\t\t\t\t<span class=\"elementor-toggle-icon-closed\"><i class=\"fas fa-caret-right\"><\/i><\/span>\n\t\t\t\t\t\t\t\t<span class=\"elementor-toggle-icon-opened\"><i class=\"elementor-toggle-icon-opened fas fa-caret-up\"><\/i><\/span>\n\t\t\t\t\t\t\t\t\t\t\t\t\t<\/span>\n\t\t\t\t\t\t\t\t\t\t\t\t<a class=\"elementor-toggle-title\" tabindex=\"0\">CERTIFICATION CE<\/a>\n\t\t\t\t\t<\/div>\n\n\t\t\t\t\t<div id=\"elementor-tab-content-6931\" class=\"elementor-tab-content elementor-clearfix\" data-tab=\"1\" role=\"region\" aria-labelledby=\"elementor-tab-title-6931\"><p><a href=\"https:\/\/www.tongou.com\/wp-content\/uploads\/2024\/09\/TOVME-CE-Certificate.jpg\">TOVME-CE<\/a><\/p><\/div>\n\t\t\t\t<\/div>\n\t\t\t\t\t\t\t\t<\/div>\n\t\t\t\t<\/div>\n\t\t\t\t<\/div>\n\t\t\t\t\t<\/div>\n\t\t<\/div>\n\t\t\t\t<div class=\"elementor-column elementor-col-50 elementor-inner-column elementor-element elementor-element-150913ac\" data-id=\"150913ac\" data-element_type=\"column\">\n\t\t\t<div class=\"elementor-widget-wrap\">\n\t\t\t\t\t\t\t<\/div>\n\t\t<\/div>\n\t\t\t\t\t<\/div>\n\t\t<\/section>\n\t\t\t\t\t<\/div>\n\t\t<\/div>\n\t\t\t\t\t<\/div>\n\t\t<\/section>\n\t\t\t\t<\/div>\n\t\t","protected":false},"excerpt":{"rendered":"<p>MANUEL POUR AC Manuel de l&#8217;utilisateur En savoir plus MANUEL POUR DC Manuel de l&#8217;utilisateur En savoir plus Certificate CERTIFICATION CE TOVME-CE<\/p>\n","protected":false},"author":1,"featured_media":0,"parent":27303,"menu_order":0,"comment_status":"closed","ping_status":"closed","template":"","meta":{"rank_math_lock_modified_date":false,"_joinchat":[],"footnotes":"","_links_to":"","_links_to_target":""},"class_list":["post-27521","page","type-page","status-publish","hentry"],"acf":[],"_links":{"self":[{"href":"https:\/\/www.tongou.com\/fr\/wp-json\/wp\/v2\/pages\/27521","targetHints":{"allow":["GET"]}}],"collection":[{"href":"https:\/\/www.tongou.com\/fr\/wp-json\/wp\/v2\/pages"}],"about":[{"href":"https:\/\/www.tongou.com\/fr\/wp-json\/wp\/v2\/types\/page"}],"author":[{"embeddable":true,"href":"https:\/\/www.tongou.com\/fr\/wp-json\/wp\/v2\/users\/1"}],"replies":[{"embeddable":true,"href":"https:\/\/www.tongou.com\/fr\/wp-json\/wp\/v2\/comments?post=27521"}],"version-history":[{"count":0,"href":"https:\/\/www.tongou.com\/fr\/wp-json\/wp\/v2\/pages\/27521\/revisions"}],"up":[{"embeddable":true,"href":"https:\/\/www.tongou.com\/fr\/wp-json\/wp\/v2\/pages\/27303"}],"wp:attachment":[{"href":"https:\/\/www.tongou.com\/fr\/wp-json\/wp\/v2\/media?parent=27521"}],"curies":[{"name":"wp","href":"https:\/\/api.w.org\/{rel}","templated":true}]}}