{"id":27303,"date":"2024-09-10T06:40:27","date_gmt":"2024-09-10T05:40:27","guid":{"rendered":"https:\/\/www.tongou.com\/fr\/?page_id=27303"},"modified":"2024-10-08T07:27:52","modified_gmt":"2024-10-08T06:27:52","slug":"manuels_utilisateurs","status":"publish","type":"page","link":"https:\/\/www.tongou.com\/fr\/manuels_utilisateurs\/","title":{"rendered":"Manuel de l&#8217;utilisateur"},"content":{"rendered":"\t\t<div data-elementor-type=\"wp-page\" data-elementor-id=\"27303\" class=\"elementor elementor-27303\">\n\t\t\t\t\t\t<div class=\"elementor-section elementor-top-section elementor-element elementor-element-cdf29a3 elementor-section-full_width elementor-section-height-default elementor-section-height-default\" data-id=\"cdf29a3\" data-element_type=\"section\">\n\t\t\t\t\t\t<div class=\"elementor-container elementor-column-gap-default\">\n\t\t\t\t\t<div class=\"elementor-column elementor-col-33 elementor-top-column elementor-element elementor-element-838fcff\" data-id=\"838fcff\" data-element_type=\"column\">\n\t\t\t<div class=\"elementor-widget-wrap elementor-element-populated\">\n\t\t\t\t\t\t<div class=\"elementor-element elementor-element-3317c39 elementor-widget__width-initial elementor-widget elementor-widget-sidebar\" data-id=\"3317c39\" data-element_type=\"widget\" data-widget_type=\"sidebar.default\">\n\t\t\t\t<div class=\"elementor-widget-container\">\n\t\t\t<div id=\"custom_html-4\" class=\"widget_text widget clearfix widget_custom_html\"><div class=\"textwidget custom-html-widget\"><div class=\"sidebar\">\r\n  <h2>Menu<\/h2>\r\n<ul class=\"nav-menu\">\r\n  <li><a href=\"https:\/\/www.tongou.com\/fr\/usermanuals\/smart-switch-series\/\">Smart Switch Series<\/a><\/li>\r\n  <li><a href=\"https:\/\/www.tongou.com\/fr\/usermanuals\/to-q-sys-docunment\/\">TO-Q-SYS<\/a><\/li>\r\n  <li><a href=\"https:\/\/www.tongou.com\/fr\/usermanuals\/toqcb2-document\/\">TOQCB2 Series<\/a><\/li>\r\n  <li><a href=\"https:\/\/www.tongou.com\/fr\/usermanuals\/tosmr1-document\/\">TOSMR1<\/a><\/li>\r\n  <li><a href=\"https:\/\/www.tongou.com\/fr\/usermanuals\/tovme-document\/\">TOVME Series<\/a><\/li>\r\n  <li><a href=\"https:\/\/www.tongou.com\/fr\/usermanuals\/tosp-document\/\">TOSP Series<\/a><\/li>\r\n  <li><a href=\"https:\/\/www.tongou.com\/fr\/usermanuals\/towts-document\/\">TOWTS Series<\/a><\/li>\r\n<\/ul>\r\n<\/div><\/div><\/div>\t\t<\/div>\n\t\t\t\t<\/div>\n\t\t\t\t\t<\/div>\n\t\t<\/div>\n\t\t\t\t<div class=\"elementor-column elementor-col-66 elementor-top-column elementor-element elementor-element-1ae6ef5\" data-id=\"1ae6ef5\" data-element_type=\"column\">\n\t\t\t<div class=\"elementor-widget-wrap elementor-element-populated\">\n\t\t\t\t\t\t<section class=\"elementor-section elementor-inner-section elementor-element elementor-element-06c85f0 elementor-section-boxed elementor-section-height-default elementor-section-height-default\" data-id=\"06c85f0\" data-element_type=\"section\">\n\t\t\t\t\t\t<div class=\"elementor-container elementor-column-gap-default\">\n\t\t\t\t\t<div class=\"elementor-column elementor-col-25 elementor-inner-column elementor-element elementor-element-84e59ce\" data-id=\"84e59ce\" data-element_type=\"column\">\n\t\t\t<div class=\"elementor-widget-wrap elementor-element-populated\">\n\t\t\t\t\t\t<div class=\"elementor-element elementor-element-8352407 elementor-widget elementor-widget-image\" data-id=\"8352407\" data-element_type=\"widget\" data-widget_type=\"image.default\">\n\t\t\t\t<div class=\"elementor-widget-container\">\n\t\t\t\t\t\t\t\t\t\t<figure class=\"wp-caption\">\n\t\t\t\t\t\t\t\t\t\t\t<a href=\"https:\/\/www.tongou.com\/usermanuals\/smart-switch-series\/\">\n\t\t\t\t\t\t\t<img fetchpriority=\"high\" decoding=\"async\" width=\"1200\" height=\"1200\" src=\"https:\/\/www.tongou.com\/fr\/wp-content\/uploads\/2024\/09\/SmartSeries.jpg\" class=\"attachment-full size-full wp-image-27503\" alt=\"\" srcset=\"https:\/\/www.tongou.com\/fr\/wp-content\/uploads\/2024\/09\/SmartSeries.jpg 1200w, https:\/\/www.tongou.com\/fr\/wp-content\/uploads\/2024\/09\/SmartSeries-300x300.jpg 300w, https:\/\/www.tongou.com\/fr\/wp-content\/uploads\/2024\/09\/SmartSeries-1024x1024.jpg 1024w, https:\/\/www.tongou.com\/fr\/wp-content\/uploads\/2024\/09\/SmartSeries-150x150.jpg 150w, https:\/\/www.tongou.com\/fr\/wp-content\/uploads\/2024\/09\/SmartSeries-768x768.jpg 768w, https:\/\/www.tongou.com\/fr\/wp-content\/uploads\/2024\/09\/SmartSeries-491x491.jpg 491w, https:\/\/www.tongou.com\/fr\/wp-content\/uploads\/2024\/09\/SmartSeries-600x600.jpg 600w, https:\/\/www.tongou.com\/fr\/wp-content\/uploads\/2024\/09\/SmartSeries-100x100.jpg 100w, https:\/\/www.tongou.com\/fr\/wp-content\/uploads\/2024\/09\/SmartSeries-64x64.jpg 64w\" sizes=\"(max-width: 1200px) 100vw, 1200px\" \/>\t\t\t\t\t\t\t\t<\/a>\n\t\t\t\t\t\t\t\t\t\t\t<figcaption class=\"widget-image-caption wp-caption-text\">S\u00e9rie de commutateurs intelligents<\/figcaption>\n\t\t\t\t\t\t\t\t\t\t<\/figure>\n\t\t\t\t\t\t\t<\/div>\n\t\t\t\t<\/div>\n\t\t\t\t\t<\/div>\n\t\t<\/div>\n\t\t\t\t<div class=\"elementor-column elementor-col-25 elementor-inner-column elementor-element elementor-element-5b8b133\" data-id=\"5b8b133\" data-element_type=\"column\">\n\t\t\t<div class=\"elementor-widget-wrap elementor-element-populated\">\n\t\t\t\t\t\t<div class=\"elementor-element elementor-element-6eba660 elementor-widget elementor-widget-image\" data-id=\"6eba660\" data-element_type=\"widget\" data-widget_type=\"image.default\">\n\t\t\t\t<div class=\"elementor-widget-container\">\n\t\t\t\t\t\t\t\t\t\t<figure class=\"wp-caption\">\n\t\t\t\t\t\t\t\t\t\t\t<a href=\"https:\/\/www.tongou.com\/usermanuals\/to-q-sys-docunment\/\">\n\t\t\t\t\t\t\t<img decoding=\"async\" width=\"1200\" height=\"1200\" src=\"https:\/\/www.tongou.com\/fr\/wp-content\/uploads\/2024\/09\/tongou-smart-switch-smart-meterTO-Q-SYS.jpg\" class=\"attachment-full size-full wp-image-27519\" alt=\"\" srcset=\"https:\/\/www.tongou.com\/fr\/wp-content\/uploads\/2024\/09\/tongou-smart-switch-smart-meterTO-Q-SYS.jpg 1200w, https:\/\/www.tongou.com\/fr\/wp-content\/uploads\/2024\/09\/tongou-smart-switch-smart-meterTO-Q-SYS-300x300.jpg 300w, https:\/\/www.tongou.com\/fr\/wp-content\/uploads\/2024\/09\/tongou-smart-switch-smart-meterTO-Q-SYS-1024x1024.jpg 1024w, https:\/\/www.tongou.com\/fr\/wp-content\/uploads\/2024\/09\/tongou-smart-switch-smart-meterTO-Q-SYS-150x150.jpg 150w, https:\/\/www.tongou.com\/fr\/wp-content\/uploads\/2024\/09\/tongou-smart-switch-smart-meterTO-Q-SYS-768x768.jpg 768w, https:\/\/www.tongou.com\/fr\/wp-content\/uploads\/2024\/09\/tongou-smart-switch-smart-meterTO-Q-SYS-491x491.jpg 491w, https:\/\/www.tongou.com\/fr\/wp-content\/uploads\/2024\/09\/tongou-smart-switch-smart-meterTO-Q-SYS-600x600.jpg 600w, https:\/\/www.tongou.com\/fr\/wp-content\/uploads\/2024\/09\/tongou-smart-switch-smart-meterTO-Q-SYS-100x100.jpg 100w, https:\/\/www.tongou.com\/fr\/wp-content\/uploads\/2024\/09\/tongou-smart-switch-smart-meterTO-Q-SYS-64x64.jpg 64w\" sizes=\"(max-width: 1200px) 100vw, 1200px\" \/>\t\t\t\t\t\t\t\t<\/a>\n\t\t\t\t\t\t\t\t\t\t\t<figcaption class=\"widget-image-caption wp-caption-text\">TO-Q-SYS<\/figcaption>\n\t\t\t\t\t\t\t\t\t\t<\/figure>\n\t\t\t\t\t\t\t<\/div>\n\t\t\t\t<\/div>\n\t\t\t\t\t<\/div>\n\t\t<\/div>\n\t\t\t\t<div class=\"elementor-column elementor-col-25 elementor-inner-column elementor-element elementor-element-5522202\" data-id=\"5522202\" data-element_type=\"column\">\n\t\t\t<div class=\"elementor-widget-wrap elementor-element-populated\">\n\t\t\t\t\t\t<div class=\"elementor-element elementor-element-e0a114d elementor-widget elementor-widget-image\" data-id=\"e0a114d\" data-element_type=\"widget\" data-widget_type=\"image.default\">\n\t\t\t\t<div class=\"elementor-widget-container\">\n\t\t\t\t\t\t\t\t\t\t<figure class=\"wp-caption\">\n\t\t\t\t\t\t\t\t\t\t\t<a href=\"https:\/\/www.tongou.com\/usermanuals\/toqcb2-document\/\">\n\t\t\t\t\t\t\t<img decoding=\"async\" width=\"1200\" height=\"1200\" src=\"https:\/\/www.tongou.com\/fr\/wp-content\/uploads\/2024\/09\/tongou-smart-circuit-breaker-TOQCB2.jpg\" class=\"attachment-full size-full wp-image-27518\" alt=\"\" srcset=\"https:\/\/www.tongou.com\/fr\/wp-content\/uploads\/2024\/09\/tongou-smart-circuit-breaker-TOQCB2.jpg 1200w, https:\/\/www.tongou.com\/fr\/wp-content\/uploads\/2024\/09\/tongou-smart-circuit-breaker-TOQCB2-300x300.jpg 300w, https:\/\/www.tongou.com\/fr\/wp-content\/uploads\/2024\/09\/tongou-smart-circuit-breaker-TOQCB2-1024x1024.jpg 1024w, https:\/\/www.tongou.com\/fr\/wp-content\/uploads\/2024\/09\/tongou-smart-circuit-breaker-TOQCB2-150x150.jpg 150w, https:\/\/www.tongou.com\/fr\/wp-content\/uploads\/2024\/09\/tongou-smart-circuit-breaker-TOQCB2-768x768.jpg 768w, https:\/\/www.tongou.com\/fr\/wp-content\/uploads\/2024\/09\/tongou-smart-circuit-breaker-TOQCB2-491x491.jpg 491w, https:\/\/www.tongou.com\/fr\/wp-content\/uploads\/2024\/09\/tongou-smart-circuit-breaker-TOQCB2-600x600.jpg 600w, https:\/\/www.tongou.com\/fr\/wp-content\/uploads\/2024\/09\/tongou-smart-circuit-breaker-TOQCB2-100x100.jpg 100w, https:\/\/www.tongou.com\/fr\/wp-content\/uploads\/2024\/09\/tongou-smart-circuit-breaker-TOQCB2-64x64.jpg 64w\" sizes=\"(max-width: 1200px) 100vw, 1200px\" \/>\t\t\t\t\t\t\t\t<\/a>\n\t\t\t\t\t\t\t\t\t\t\t<figcaption class=\"widget-image-caption wp-caption-text\">TOQCB2 S\u00e9ries<\/figcaption>\n\t\t\t\t\t\t\t\t\t\t<\/figure>\n\t\t\t\t\t\t\t<\/div>\n\t\t\t\t<\/div>\n\t\t\t\t\t<\/div>\n\t\t<\/div>\n\t\t\t\t<div class=\"elementor-column elementor-col-25 elementor-inner-column elementor-element elementor-element-8c62cc7\" data-id=\"8c62cc7\" data-element_type=\"column\">\n\t\t\t<div class=\"elementor-widget-wrap elementor-element-populated\">\n\t\t\t\t\t\t<div class=\"elementor-element elementor-element-a463234 elementor-widget elementor-widget-image\" data-id=\"a463234\" data-element_type=\"widget\" data-widget_type=\"image.default\">\n\t\t\t\t<div class=\"elementor-widget-container\">\n\t\t\t\t\t\t\t\t\t\t<figure class=\"wp-caption\">\n\t\t\t\t\t\t\t\t\t\t\t<a href=\"https:\/\/www.tongou.com\/usermanuals\/tosmr1-document\/\">\n\t\t\t\t\t\t\t<img loading=\"lazy\" decoding=\"async\" width=\"1200\" height=\"1200\" src=\"https:\/\/www.tongou.com\/fr\/wp-content\/uploads\/2024\/09\/tongou-smart-circuit-breaker-RCBO-TOSMR1.jpg\" class=\"attachment-full size-full wp-image-27517\" alt=\"\" srcset=\"https:\/\/www.tongou.com\/fr\/wp-content\/uploads\/2024\/09\/tongou-smart-circuit-breaker-RCBO-TOSMR1.jpg 1200w, https:\/\/www.tongou.com\/fr\/wp-content\/uploads\/2024\/09\/tongou-smart-circuit-breaker-RCBO-TOSMR1-300x300.jpg 300w, https:\/\/www.tongou.com\/fr\/wp-content\/uploads\/2024\/09\/tongou-smart-circuit-breaker-RCBO-TOSMR1-1024x1024.jpg 1024w, https:\/\/www.tongou.com\/fr\/wp-content\/uploads\/2024\/09\/tongou-smart-circuit-breaker-RCBO-TOSMR1-150x150.jpg 150w, https:\/\/www.tongou.com\/fr\/wp-content\/uploads\/2024\/09\/tongou-smart-circuit-breaker-RCBO-TOSMR1-768x768.jpg 768w, https:\/\/www.tongou.com\/fr\/wp-content\/uploads\/2024\/09\/tongou-smart-circuit-breaker-RCBO-TOSMR1-491x491.jpg 491w, https:\/\/www.tongou.com\/fr\/wp-content\/uploads\/2024\/09\/tongou-smart-circuit-breaker-RCBO-TOSMR1-600x600.jpg 600w, https:\/\/www.tongou.com\/fr\/wp-content\/uploads\/2024\/09\/tongou-smart-circuit-breaker-RCBO-TOSMR1-100x100.jpg 100w, https:\/\/www.tongou.com\/fr\/wp-content\/uploads\/2024\/09\/tongou-smart-circuit-breaker-RCBO-TOSMR1-64x64.jpg 64w\" sizes=\"(max-width: 1200px) 100vw, 1200px\" \/>\t\t\t\t\t\t\t\t<\/a>\n\t\t\t\t\t\t\t\t\t\t\t<figcaption class=\"widget-image-caption wp-caption-text\">TOSMR1<\/figcaption>\n\t\t\t\t\t\t\t\t\t\t<\/figure>\n\t\t\t\t\t\t\t<\/div>\n\t\t\t\t<\/div>\n\t\t\t\t\t<\/div>\n\t\t<\/div>\n\t\t\t\t\t<\/div>\n\t\t<\/section>\n\t\t\t\t<section class=\"elementor-section elementor-inner-section elementor-element elementor-element-8628900 elementor-section-boxed elementor-section-height-default elementor-section-height-default\" data-id=\"8628900\" data-element_type=\"section\">\n\t\t\t\t\t\t<div class=\"elementor-container elementor-column-gap-default\">\n\t\t\t\t\t<div class=\"elementor-column elementor-col-25 elementor-inner-column elementor-element elementor-element-e848e09\" data-id=\"e848e09\" data-element_type=\"column\">\n\t\t\t<div class=\"elementor-widget-wrap elementor-element-populated\">\n\t\t\t\t\t\t<div class=\"elementor-element elementor-element-6d35f80 elementor-widget elementor-widget-image\" data-id=\"6d35f80\" data-element_type=\"widget\" data-widget_type=\"image.default\">\n\t\t\t\t<div class=\"elementor-widget-container\">\n\t\t\t\t\t\t\t\t\t\t<figure class=\"wp-caption\">\n\t\t\t\t\t\t\t\t\t\t\t<a href=\"https:\/\/www.tongou.com\/usermanuals\/tovme-document\/\">\n\t\t\t\t\t\t\t<img loading=\"lazy\" decoding=\"async\" width=\"1200\" height=\"1200\" src=\"https:\/\/www.tongou.com\/fr\/wp-content\/uploads\/2024\/07\/VME-3D\u4e3b\u56fe1.jpg\" class=\"attachment-full size-full wp-image-25150\" alt=\"\" srcset=\"https:\/\/www.tongou.com\/fr\/wp-content\/uploads\/2024\/07\/VME-3D\u4e3b\u56fe1.jpg 1200w, https:\/\/www.tongou.com\/fr\/wp-content\/uploads\/2024\/07\/VME-3D\u4e3b\u56fe1-300x300.jpg 300w, https:\/\/www.tongou.com\/fr\/wp-content\/uploads\/2024\/07\/VME-3D\u4e3b\u56fe1-1024x1024.jpg 1024w, https:\/\/www.tongou.com\/fr\/wp-content\/uploads\/2024\/07\/VME-3D\u4e3b\u56fe1-150x150.jpg 150w, https:\/\/www.tongou.com\/fr\/wp-content\/uploads\/2024\/07\/VME-3D\u4e3b\u56fe1-768x768.jpg 768w, https:\/\/www.tongou.com\/fr\/wp-content\/uploads\/2024\/07\/VME-3D\u4e3b\u56fe1-491x491.jpg 491w, https:\/\/www.tongou.com\/fr\/wp-content\/uploads\/2024\/07\/VME-3D\u4e3b\u56fe1-600x600.jpg 600w, https:\/\/www.tongou.com\/fr\/wp-content\/uploads\/2024\/07\/VME-3D\u4e3b\u56fe1-100x100.jpg 100w, https:\/\/www.tongou.com\/fr\/wp-content\/uploads\/2024\/07\/VME-3D\u4e3b\u56fe1-64x64.jpg 64w\" sizes=\"(max-width: 1200px) 100vw, 1200px\" \/>\t\t\t\t\t\t\t\t<\/a>\n\t\t\t\t\t\t\t\t\t\t\t<figcaption class=\"widget-image-caption wp-caption-text\">TOVME S\u00e9ries<\/figcaption>\n\t\t\t\t\t\t\t\t\t\t<\/figure>\n\t\t\t\t\t\t\t<\/div>\n\t\t\t\t<\/div>\n\t\t\t\t\t<\/div>\n\t\t<\/div>\n\t\t\t\t<div class=\"elementor-column elementor-col-25 elementor-inner-column elementor-element elementor-element-00844f0\" data-id=\"00844f0\" data-element_type=\"column\">\n\t\t\t<div class=\"elementor-widget-wrap elementor-element-populated\">\n\t\t\t\t\t\t<div class=\"elementor-element elementor-element-ed0eb33 elementor-widget elementor-widget-image\" data-id=\"ed0eb33\" data-element_type=\"widget\" data-widget_type=\"image.default\">\n\t\t\t\t<div class=\"elementor-widget-container\">\n\t\t\t\t\t\t\t\t\t\t<figure class=\"wp-caption\">\n\t\t\t\t\t\t\t\t\t\t\t<a href=\"https:\/\/www.tongou.com\/usermanuals\/tosp-document\/\">\n\t\t\t\t\t\t\t<img loading=\"lazy\" decoding=\"async\" width=\"1200\" height=\"1200\" src=\"https:\/\/www.tongou.com\/fr\/wp-content\/uploads\/2024\/09\/TOSP-DC-2P-1000V-1.jpg\" class=\"attachment-full size-full wp-image-27321\" alt=\"\" srcset=\"https:\/\/www.tongou.com\/fr\/wp-content\/uploads\/2024\/09\/TOSP-DC-2P-1000V-1.jpg 1200w, https:\/\/www.tongou.com\/fr\/wp-content\/uploads\/2024\/09\/TOSP-DC-2P-1000V-1-300x300.jpg 300w, https:\/\/www.tongou.com\/fr\/wp-content\/uploads\/2024\/09\/TOSP-DC-2P-1000V-1-1024x1024.jpg 1024w, https:\/\/www.tongou.com\/fr\/wp-content\/uploads\/2024\/09\/TOSP-DC-2P-1000V-1-150x150.jpg 150w, https:\/\/www.tongou.com\/fr\/wp-content\/uploads\/2024\/09\/TOSP-DC-2P-1000V-1-768x768.jpg 768w, https:\/\/www.tongou.com\/fr\/wp-content\/uploads\/2024\/09\/TOSP-DC-2P-1000V-1-491x491.jpg 491w, https:\/\/www.tongou.com\/fr\/wp-content\/uploads\/2024\/09\/TOSP-DC-2P-1000V-1-600x600.jpg 600w, https:\/\/www.tongou.com\/fr\/wp-content\/uploads\/2024\/09\/TOSP-DC-2P-1000V-1-100x100.jpg 100w, https:\/\/www.tongou.com\/fr\/wp-content\/uploads\/2024\/09\/TOSP-DC-2P-1000V-1-64x64.jpg 64w\" sizes=\"(max-width: 1200px) 100vw, 1200px\" \/>\t\t\t\t\t\t\t\t<\/a>\n\t\t\t\t\t\t\t\t\t\t\t<figcaption class=\"widget-image-caption wp-caption-text\">TOSP S\u00e9ries<\/figcaption>\n\t\t\t\t\t\t\t\t\t\t<\/figure>\n\t\t\t\t\t\t\t<\/div>\n\t\t\t\t<\/div>\n\t\t\t\t\t<\/div>\n\t\t<\/div>\n\t\t\t\t<div class=\"elementor-column elementor-col-25 elementor-inner-column elementor-element elementor-element-5636a07\" data-id=\"5636a07\" data-element_type=\"column\">\n\t\t\t<div class=\"elementor-widget-wrap elementor-element-populated\">\n\t\t\t\t\t\t<div class=\"elementor-element elementor-element-9481075 elementor-widget elementor-widget-image\" data-id=\"9481075\" data-element_type=\"widget\" data-widget_type=\"image.default\">\n\t\t\t\t<div class=\"elementor-widget-container\">\n\t\t\t\t\t\t\t\t\t\t<figure class=\"wp-caption\">\n\t\t\t\t\t\t\t\t\t\t\t<a href=\"https:\/\/www.tongou.com\/usermanuals\/towts-document\/\">\n\t\t\t\t\t\t\t<img loading=\"lazy\" decoding=\"async\" width=\"2000\" height=\"2000\" src=\"https:\/\/www.tongou.com\/fr\/wp-content\/uploads\/2024\/09\/2-2.jpg\" class=\"attachment-full size-full wp-image-27322\" alt=\"\" srcset=\"https:\/\/www.tongou.com\/fr\/wp-content\/uploads\/2024\/09\/2-2.jpg 2000w, https:\/\/www.tongou.com\/fr\/wp-content\/uploads\/2024\/09\/2-2-300x300.jpg 300w, https:\/\/www.tongou.com\/fr\/wp-content\/uploads\/2024\/09\/2-2-1024x1024.jpg 1024w, https:\/\/www.tongou.com\/fr\/wp-content\/uploads\/2024\/09\/2-2-150x150.jpg 150w, https:\/\/www.tongou.com\/fr\/wp-content\/uploads\/2024\/09\/2-2-768x768.jpg 768w, https:\/\/www.tongou.com\/fr\/wp-content\/uploads\/2024\/09\/2-2-1536x1536.jpg 1536w, https:\/\/www.tongou.com\/fr\/wp-content\/uploads\/2024\/09\/2-2-491x491.jpg 491w, https:\/\/www.tongou.com\/fr\/wp-content\/uploads\/2024\/09\/2-2-600x600.jpg 600w, https:\/\/www.tongou.com\/fr\/wp-content\/uploads\/2024\/09\/2-2-100x100.jpg 100w, https:\/\/www.tongou.com\/fr\/wp-content\/uploads\/2024\/09\/2-2-64x64.jpg 64w\" sizes=\"(max-width: 2000px) 100vw, 2000px\" \/>\t\t\t\t\t\t\t\t<\/a>\n\t\t\t\t\t\t\t\t\t\t\t<figcaption class=\"widget-image-caption wp-caption-text\">TOWTS S\u00e9ries<\/figcaption>\n\t\t\t\t\t\t\t\t\t\t<\/figure>\n\t\t\t\t\t\t\t<\/div>\n\t\t\t\t<\/div>\n\t\t\t\t\t<\/div>\n\t\t<\/div>\n\t\t\t\t<div class=\"elementor-column elementor-col-25 elementor-inner-column elementor-element elementor-element-bd3eaf0\" data-id=\"bd3eaf0\" data-element_type=\"column\">\n\t\t\t<div class=\"elementor-widget-wrap\">\n\t\t\t\t\t\t\t<\/div>\n\t\t<\/div>\n\t\t\t\t\t<\/div>\n\t\t<\/section>\n\t\t\t\t\t<\/div>\n\t\t<\/div>\n\t\t\t\t\t<\/div>\n\t\t<\/div>\n\t\t\t\t<\/div>\n\t\t","protected":false},"excerpt":{"rendered":"<p>S\u00e9rie de commutateurs intelligents TO-Q-SYS TOQCB2 S\u00e9ries TOSMR1 TOVME S\u00e9ries TOSP S\u00e9ries TOWTS S\u00e9ries<\/p>\n","protected":false},"author":1,"featured_media":0,"parent":0,"menu_order":0,"comment_status":"closed","ping_status":"closed","template":"","meta":{"rank_math_lock_modified_date":false,"_joinchat":[],"footnotes":"","_links_to":"","_links_to_target":""},"class_list":["post-27303","page","type-page","status-publish","hentry"],"acf":[],"_links":{"self":[{"href":"https:\/\/www.tongou.com\/fr\/wp-json\/wp\/v2\/pages\/27303","targetHints":{"allow":["GET"]}}],"collection":[{"href":"https:\/\/www.tongou.com\/fr\/wp-json\/wp\/v2\/pages"}],"about":[{"href":"https:\/\/www.tongou.com\/fr\/wp-json\/wp\/v2\/types\/page"}],"author":[{"embeddable":true,"href":"https:\/\/www.tongou.com\/fr\/wp-json\/wp\/v2\/users\/1"}],"replies":[{"embeddable":true,"href":"https:\/\/www.tongou.com\/fr\/wp-json\/wp\/v2\/comments?post=27303"}],"version-history":[{"count":0,"href":"https:\/\/www.tongou.com\/fr\/wp-json\/wp\/v2\/pages\/27303\/revisions"}],"wp:attachment":[{"href":"https:\/\/www.tongou.com\/fr\/wp-json\/wp\/v2\/media?parent=27303"}],"curies":[{"name":"wp","href":"https:\/\/api.w.org\/{rel}","templated":true}]}}