{"id":2164,"date":"2022-05-30T08:08:38","date_gmt":"2022-05-30T08:08:38","guid":{"rendered":"https:\/\/elcb.netdemo3\/?page_id=2164"},"modified":"2024-09-30T09:34:11","modified_gmt":"2024-09-30T08:34:11","slug":"a-propos-de-nous","status":"publish","type":"page","link":"https:\/\/www.tongou.com\/fr\/a-propos-de-nous\/","title":{"rendered":"\u00c0 propos de nous"},"content":{"rendered":"\t\t<div data-elementor-type=\"wp-page\" data-elementor-id=\"2164\" class=\"elementor elementor-2164\">\n\t\t\t\t\t\t<section class=\"elementor-section elementor-top-section elementor-element elementor-element-b23d443 elementor-section-stretched elementor-section-full_width elementor-section-height-default elementor-section-height-default\" data-id=\"b23d443\" data-element_type=\"section\" data-settings=\"{&quot;stretch_section&quot;:&quot;section-stretched&quot;}\">\n\t\t\t\t\t\t<div class=\"elementor-container elementor-column-gap-no\">\n\t\t\t\t\t<div class=\"elementor-column elementor-col-100 elementor-top-column elementor-element elementor-element-1c1bab9\" data-id=\"1c1bab9\" data-element_type=\"column\">\n\t\t\t<div class=\"elementor-widget-wrap elementor-element-populated\">\n\t\t\t\t\t\t<div class=\"elementor-element elementor-element-9c21e86 elementor-widget elementor-widget-electrician_about_two\" data-id=\"9c21e86\" data-element_type=\"widget\" data-widget_type=\"electrician_about_two.default\">\n\t\t\t\t<div class=\"elementor-widget-container\">\n\t\t\t \n\t\t\t\t<div class=\"section-indent\">\n\t\t<div class=\"container container-lg-fluid\">\n\t\t\t<div class=\"layout01 layout01__revers layout01__small-layout layout01__img-more\">\n\t\t\t\t<div class=\"layout01__bg-marker\"><img decoding=\"async\" width=\"125\" height=\"125\" src=\"https:\/\/www.tongou.com\/fr\/wp-content\/uploads\/2020\/07\/bg_marker02-1.png\" class=\"attachment-full size-full\" alt=\"\" srcset=\"https:\/\/www.tongou.com\/fr\/wp-content\/uploads\/2020\/07\/bg_marker02-1.png 125w, https:\/\/www.tongou.com\/fr\/wp-content\/uploads\/2020\/07\/bg_marker02-1-100x100.png 100w\" sizes=\"(max-width: 125px) 100vw, 125px\" \/><\/div>\n\t\t\t\t<div class=\"layout01__img\">\n\t\t\t\t\t<div class=\"tt-img-main\">\n\t\t\t<img fetchpriority=\"high\" decoding=\"async\" width=\"720\" height=\"552\" src=\"https:\/\/www.tongou.com\/fr\/wp-content\/uploads\/2020\/08\/layout01-img03-1.jpg\" class=\"attachment-full size-full\" alt=\"\" srcset=\"https:\/\/www.tongou.com\/fr\/wp-content\/uploads\/2020\/08\/layout01-img03-1.jpg 720w, https:\/\/www.tongou.com\/fr\/wp-content\/uploads\/2020\/08\/layout01-img03-1-600x460.jpg 600w, https:\/\/www.tongou.com\/fr\/wp-content\/uploads\/2020\/08\/layout01-img03-1-300x230.jpg 300w, https:\/\/www.tongou.com\/fr\/wp-content\/uploads\/2020\/08\/layout01-img03-1-640x491.jpg 640w\" sizes=\"(max-width: 720px) 100vw, 720px\" \/>\t\t\t\t\t<\/div>\n\t\t\t\t\t<div class=\"tt-img-more left-bottom\">\n\t\t\t<img decoding=\"async\" width=\"436\" height=\"290\" src=\"https:\/\/www.tongou.com\/fr\/wp-content\/uploads\/2020\/08\/layout01-img03-02-1.jpg\" class=\"attachment-full size-full\" alt=\"\" srcset=\"https:\/\/www.tongou.com\/fr\/wp-content\/uploads\/2020\/08\/layout01-img03-02-1.jpg 436w, https:\/\/www.tongou.com\/fr\/wp-content\/uploads\/2020\/08\/layout01-img03-02-1-300x200.jpg 300w\" sizes=\"(max-width: 436px) 100vw, 436px\" \/>\t\t\t\t\t<\/div>\n\t\t\t\t<\/div>\n\t\t\t\t<div class=\"layout01__content\">\n\t\t\t\t\t<div class=\"layout01__content-wrapper\">\n\t\t\t\t\t\t<div class=\"section-title text-left\">\n\t\t\t\t\t\t\t<div class=\"section-title__01\">Plus de 30 ans d'histoire et d'exp\u00e9rience<\/div>\n\t\t\t\t\t\t\t<div class=\"section-title__02\">Qu'est-ce que TONGOU fait ?<\/div>\n\t\t\t\t\t\t<\/div>\n\t\t\t\t\t\t<p>\n\t\t\tTONGOU est une marque d\u00e9pos\u00e9e de Changyou Technology, cr\u00e9\u00e9e en 1993, d\u00e9di\u00e9e \u00e0 devenir un leader expert dans les solutions de syst\u00e8mes \u00e9lectriques \u00e0 basse tension de haut niveau. Nous consid\u00e9rons la r\u00e9solution des pressions et des d\u00e9fis des clients comme notre mission et nous sommes engag\u00e9s \u00e0 cr\u00e9er une valeur exceptionnelle pour nos clients.\n\t\t\t\t\t\t<\/p>\n\t\t\t\t\t\t<p>\n\t\t\tTONGOU se concentre sur les produits de s\u00e9curit\u00e9 \u00e9lectrique pour le m\u00e9nager, le commercial, l'industriel et des installations similaires, tels que les petits interrupteurs de circuit (MCB), les interrupteurs de circuit avec d\u00e9tection de courant de retour (RCCB), les interrupteurs de circuit avec protection contre les surtensions et d\u00e9tection de courant de retour (RCBO), les interrupteurs de d\u00e9connexion, les bo\u00eetes de distribution, les interrupteurs \u00e0 coque en mati\u00e8re moul\u00e9e (MCCB), les interrupteurs de circuit \u00e0 air (ACB), les relais de contact AC et les interrupteurs intelligents IoT.\t\t\t\t\t\t<\/p>\n\t\t\t\t\t\t<div class=\"tt-box04-wrapper row\">\n\t\t\t\t\t\t\t\t\t\t<div class=\"col-6\">\n\t\t\t\t\t\t\t\t<div class=\"tt-box04\">\n\t\t\t\t\t\t\t\t\t<div class=\"tt-box04__figure\"><i class=\" icon-star-black-fivepointed-shape\"><\/i><\/div>\n\t\t\t\t\t\t\t\t\t<div class=\"tt-box04__content\">\n\t\t\t\t\t\t\t\t\t\t<div class=\"tt-title\">30+ Ann\u00e9es<\/div>\n\t\t\t\t\t\t\t\t\t\t<p>\n\t\t\t\tExp\u00e9rience riche en mati\u00e8re de professionnalisme et de service \u00e0 la client\u00e8le\t\t\t\t\t\t\t\t\t\t<\/p>\n\t\t\t\t\t\t\t\t\t<\/div>\n\t\t\t\t\t\t\t\t<\/div>\n\t\t\t\t\t\t\t<\/div>\n\t\t\t\t\t\t\t\t\t\t<div class=\"col-6\">\n\t\t\t\t\t\t\t\t<div class=\"tt-box04\">\n\t\t\t\t\t\t\t\t\t<div class=\"tt-box04__figure\"><i class=\" icon-1716894\"><\/i><\/div>\n\t\t\t\t\t\t\t\t\t<div class=\"tt-box04__content\">\n\t\t\t\t\t\t\t\t\t\t<div class=\"tt-title\">80+ Personnel<\/div>\n\t\t\t\t\t\t\t\t\t\t<p>\n\t\t\t\tUne \u00e9quipe de production solide, un service apr\u00e8s-vente excellent\t\t\t\t\t\t\t\t\t\t<\/p>\n\t\t\t\t\t\t\t\t\t<\/div>\n\t\t\t\t\t\t\t\t<\/div>\n\t\t\t\t\t\t\t<\/div>\n\t\t\t\t\t\t\t\t\t<\/div>\n\t\t\t\t\t<\/div>\n\t\t\t\t<\/div>\n\t\t\t<\/div>\n\t\t<\/div>\n\t<\/div>\n\t\t\t\t\t\t<\/div>\n\t\t\t\t<\/div>\n\t\t\t\t\t<\/div>\n\t\t<\/div>\n\t\t\t\t\t<\/div>\n\t\t<\/section>\n\t\t\t\t<section class=\"elementor-section elementor-top-section elementor-element elementor-element-579b5b6 elementor-section-stretched elementor-section-full_width elementor-section-height-default elementor-section-height-default\" data-id=\"579b5b6\" data-element_type=\"section\" data-settings=\"{&quot;stretch_section&quot;:&quot;section-stretched&quot;}\">\n\t\t\t\t\t\t<div class=\"elementor-container elementor-column-gap-no\">\n\t\t\t\t\t<div class=\"elementor-column elementor-col-100 elementor-top-column elementor-element elementor-element-be9fa39\" data-id=\"be9fa39\" data-element_type=\"column\">\n\t\t\t<div class=\"elementor-widget-wrap elementor-element-populated\">\n\t\t\t\t\t\t<div class=\"elementor-element elementor-element-205c0d9 elementor-widget elementor-widget-electrician_certificates\" data-id=\"205c0d9\" data-element_type=\"widget\" data-widget_type=\"electrician_certificates.default\">\n\t\t\t\t<div class=\"elementor-widget-container\">\n\t\t\t<div class=\"section-indent\">\n\t<div class=\"layout01-fluid\">\n\t\t<div class=\"layout01__img\" style=\"background-image: url(https:\/\/www.tongou.com\/fr\/wp-content\/uploads\/2022\/04\/electricity-control-factory-equipment-energy-tablet-industrial-power-system-maintenance_t20_VW2OeP.jpg)\"><\/div>\n\t\t<div class=\"container container-lg-fluid\">\n\t\t\t<div class=\"layout01__content\">\n\t\t\t\t<div class=\"layout01__content-wrapper\">\n\t\t\t\t\t<div class=\"section-title text-left\">\n\t\t\t\t\t\t<div class=\"section-title__01\">Certificats<\/div>\n\t\t\t\t\t\t<div class=\"section-title__02\">Nous sommes une entreprise d'\u00e9lectricit\u00e9 qualifi\u00e9e et certifi\u00e9e<\/div>\n\t\t\t\t\t<\/div>\n\t\t\t\t\t<p>\n\t\t\t\t\t\tNous coop\u00e9rons avec de nombreuses agences de certification \u00e0 grande \u00e9chelle reconnues, telles que TUV, VDE, SAA, BV, Intertek, CCC. Les essais d'essai des produits sont tous certifi\u00e9s par des laboratoires CNAS. Conform\u00e9ment aux normes IEC, EN, GB, AS\/NZS et autres, nous pouvons rapidement fournir notre certificat ou rapport d'essai au client qui en a besoin, et nous pouvons \u00e9galement obtenir le certificat correspondant selon les exigences du client.\t\t\t\t\t<\/p>\n\t\t\t\t\t<ul class=\"js-wrapper-gallery gallery01 gallery01-top\">\n\t\t\t\t\t\t\t\t\t\t\t\t<li><a class=\"tt-gallery\" href=\"https:\/\/www.tongou.com\/fr\/wp-content\/uploads\/2022\/04\/TOBNS-40-RCBO-SAA-AS-NZS-61009-Certificate-1.jpg\">\n\t\t\t\t\t\t\t\t<img loading=\"lazy\" decoding=\"async\" width=\"100\" height=\"140\" src=\"https:\/\/www.tongou.com\/fr\/wp-content\/uploads\/2022\/04\/TOBNS-40-RCBO-SAA-AS-NZS-61009-Certificate-e1650450015377.jpg\" class=\"attachment-full size-full\" alt=\"TOBNS-40-RCBO-SAA-AS-NZS-61009-Certificate\" \/>\t\t\t\t\t\t\t\t\t\n\t\t\t\t\t\t\t<\/a><\/li>\n\t\t\t\t\t\t\t\t\t\t\t\t<li><a class=\"tt-gallery\" href=\"https:\/\/www.tongou.com\/fr\/wp-content\/uploads\/2022\/04\/TORD4-type-a-rcd-rccb-Certificate-1.jpg\">\n\t\t\t\t\t\t\t\t<img loading=\"lazy\" decoding=\"async\" width=\"100\" height=\"140\" src=\"https:\/\/www.tongou.com\/fr\/wp-content\/uploads\/2022\/04\/TORD4-type-a-rcd-rccb-Certificate-e1650448988132.jpg\" class=\"attachment-full size-full\" alt=\"TORD4-type-a-rcd-rccb-Certificate\" \/>\t\t\t\t\t\t\t\t\t\n\t\t\t\t\t\t\t<\/a><\/li>\n\t\t\t\t\t\t\t\t\t\t\t\t<li><a class=\"tt-gallery\" href=\"https:\/\/www.tongou.com\/fr\/wp-content\/uploads\/2022\/04\/TORD4-type-ac-type-a-rcd-rccb-CE-Certificate-1.jpg\">\n\t\t\t\t\t\t\t\t<img loading=\"lazy\" decoding=\"async\" width=\"100\" height=\"140\" src=\"https:\/\/www.tongou.com\/fr\/wp-content\/uploads\/2022\/04\/TORD4-type-ac-type-a-rcd-rccb-CE-Certificate-e1650424365570.jpg\" class=\"attachment-full size-full\" alt=\"TORD4-type-ac-type-a-rcd-rccb-CE-Certificate\" \/>\t\t\t\t\t\t\t\t\t\n\t\t\t\t\t\t\t<\/a><\/li>\n\t\t\t\t\t\t\t\t\t\t\t\t<li><a class=\"tt-gallery\" href=\"https:\/\/www.tongou.com\/fr\/wp-content\/uploads\/2022\/04\/TONGOU-ISO9001-certificate-1.jpg\">\n\t\t\t\t\t\t\t\t<img loading=\"lazy\" decoding=\"async\" width=\"100\" height=\"140\" src=\"https:\/\/www.tongou.com\/fr\/wp-content\/uploads\/2022\/04\/TONGOU-ISO9001-certificate-e1650423943524.jpg\" class=\"attachment-full size-full\" alt=\"TONGOU-ISO9001-certificate\" \/>\t\t\t\t\t\t\t\t\t\n\t\t\t\t\t\t\t<\/a><\/li>\n\t\t\t\t\t\t\t\t\t\t\t\t<li><a class=\"tt-gallery\" href=\"https:\/\/www.tongou.com\/fr\/wp-content\/uploads\/2022\/04\/TORD4-type-ac-type-a-rcd-rccb-tuv-Certificate-1.jpg\">\n\t\t\t\t\t\t\t\t<img loading=\"lazy\" decoding=\"async\" width=\"100\" height=\"140\" src=\"https:\/\/www.tongou.com\/fr\/wp-content\/uploads\/2022\/04\/TORD4-type-ac-type-a-rcd-rccb-tuv-Certificate-e1650450306734.jpg\" class=\"attachment-full size-full\" alt=\"TORD4-type-ac-type-a-rcd-rccb-tuv-Certificate\" \/>\t\t\t\t\t\t\t\t\t\n\t\t\t\t\t\t\t<\/a><\/li>\n\t\t\t\t\t\t\t\t\t\t\t\t<li><a class=\"tt-gallery\" href=\"https:\/\/www.tongou.com\/fr\/wp-content\/uploads\/2022\/04\/miniature-circuit-breaker-EAC-russian-certificate-1.jpg\">\n\t\t\t\t\t\t\t\t<img loading=\"lazy\" decoding=\"async\" width=\"100\" height=\"140\" src=\"https:\/\/www.tongou.com\/fr\/wp-content\/uploads\/2022\/04\/miniature-circuit-breaker-EAC-russian-certificate-e1650451044838.jpg\" class=\"attachment-full size-full\" alt=\"miniature-circuit-breaker-EAC-russian-certificate\" \/>\t\t\t\t\t\t\t\t\t\n\t\t\t\t\t\t\t<\/a><\/li>\n\t\t\t\t\t\t\t\t\t\t\t\t<li><a class=\"tt-gallery\" href=\"https:\/\/www.tongou.com\/fr\/wp-content\/uploads\/2022\/04\/TYPE-B-RCD-RCCB-CE-intertek-certificate-1.jpg\">\n\t\t\t\t\t\t\t\t<img loading=\"lazy\" decoding=\"async\" width=\"100\" height=\"140\" src=\"https:\/\/www.tongou.com\/fr\/wp-content\/uploads\/2022\/04\/TYPE-B-RCD-RCCB-CE-intertek-certificate-e1650451803364.jpg\" class=\"attachment-full size-full\" alt=\"TYPE-B-RCD-RCCB-CE-intertek-certificate\" \/>\t\t\t\t\t\t\t\t\t\n\t\t\t\t\t\t\t<\/a><\/li>\n\t\t\t\t\t\t\t\t\t\t\t\t<li><a class=\"tt-gallery\" href=\"https:\/\/www.tongou.com\/fr\/wp-content\/uploads\/2022\/04\/RCCB-RCD-RoHs-certificate-1.jpg\">\n\t\t\t\t\t\t\t\t<img loading=\"lazy\" decoding=\"async\" width=\"100\" height=\"140\" src=\"https:\/\/www.tongou.com\/fr\/wp-content\/uploads\/2022\/04\/RCCB-RCD-RoHs-certificate-e1650452183181.jpg\" class=\"attachment-full size-full\" alt=\"RCCB-RCD-RoHs-certificate\" \/>\t\t\t\t\t\t\t\t\t\n\t\t\t\t\t\t\t<\/a><\/li>\n\t\t\t\t\t\t\n\t\t\t\t\t<\/ul>\n\t\t\t\t<\/div>\n\t\t\t<\/div>\n\t\t<\/div>\n\t<\/div>\n<\/div>\n\t\t\t\t<\/div>\n\t\t\t\t<\/div>\n\t\t\t\t\t<\/div>\n\t\t<\/div>\n\t\t\t\t\t<\/div>\n\t\t<\/section>\n\t\t\t\t<section class=\"elementor-section elementor-top-section elementor-element elementor-element-191c79e elementor-section-stretched elementor-section-full_width elementor-section-height-default elementor-section-height-default\" data-id=\"191c79e\" data-element_type=\"section\" data-settings=\"{&quot;stretch_section&quot;:&quot;section-stretched&quot;}\">\n\t\t\t\t\t\t<div class=\"elementor-container elementor-column-gap-no\">\n\t\t\t\t\t<div class=\"elementor-column elementor-col-100 elementor-top-column elementor-element elementor-element-1b296d1\" data-id=\"1b296d1\" data-element_type=\"column\">\n\t\t\t<div class=\"elementor-widget-wrap elementor-element-populated\">\n\t\t\t\t\t\t<div class=\"elementor-element elementor-element-0ef39a1 elementor-widget elementor-widget-electrician_advantages\" data-id=\"0ef39a1\" data-element_type=\"widget\" data-widget_type=\"electrician_advantages.default\">\n\t\t\t\t<div class=\"elementor-widget-container\">\n\t\t\t<div class=\"section-indent\">\n\t<div class=\"container container-lg-fluid\">\n\t\t<div class=\"section-title max-width-01\">\n\t\t\t<div class=\"section-title__01\">Nos Avantages<\/div>\n\t\t\t<div class=\"section-title__02\">Raisons pour lesquelles vous devriez nous choisir<\/div>\n\t\t\t<div class=\"section-title__03\">\n\t\t\t\tTONGOU est votre source pour une gamme compl\u00e8te de produits \u00e9lectriques de haute qualit\u00e9, y compris le soutien technique des produits, le soutien des prix d'usine et le soutien de la vitesse de livraison.\n\t\t\t<\/div>\n\t\t<\/div>\n\t\t<div class=\"row tt-services-promo__list justify-content-center\">\n\t\t\t\t\t\t<div class=\"col-sm-6 col-lg-4  tt-item\">\n\t\t\t\t<div class=\"tt-services-promo\">\n\t\t\t\t\t<div class=\"tt-value tt-value__indent\">1<\/div>\n\t\t\t\t\t<div class=\"tt-wrapper\">\n\t\t\t\t\t\t<div class=\"tt-col-icon  icon-hours\"><\/div>\n\t\t\t\t\t\t<div class=\"tt-col-layout\">\n\t\t\t\t\t\t\t<div class=\"tt-title\">\n\t\t\t\t\t\t\t\tServices en ligne 24\/7\t\t\t\t\t\t\t<\/div>\n\t\t\t\t\t\t\t<p>\n\t\t\t\t\t\t\t\tDevis de produits et support technique\t\t\t\t\t\t\t<\/p>\n\t\t\t\t\t\t<\/div>\n\t\t\t\t\t<\/div>\n\t\t\t\t\t<div class=\"tt-bg-marker\"><\/div>\n\t\t\t\t<\/div>\n\t\t\t<\/div>\n\t\t\t\t\t\t<div class=\"col-sm-6 col-lg-4  tt-item\">\n\t\t\t\t<div class=\"tt-services-promo\">\n\t\t\t\t\t<div class=\"tt-value tt-value__indent\">2<\/div>\n\t\t\t\t\t<div class=\"tt-wrapper\">\n\t\t\t\t\t\t<div class=\"tt-col-icon  icon-1895474\"><\/div>\n\t\t\t\t\t\t<div class=\"tt-col-layout\">\n\t\t\t\t\t\t\t<div class=\"tt-title\">\n\t\t\t\t\t\t\t\tGarantie de qualit\u00e9\t\t\t\t\t\t\t<\/div>\n\t\t\t\t\t\t\t<p>\n\t\t\t\t\t\t\t\t70% des b\u00e9n\u00e9fices pour la production\n\t\t\t\t\t\t\t<\/p>\n\t\t\t\t\t\t<\/div>\n\t\t\t\t\t<\/div>\n\t\t\t\t\t<div class=\"tt-bg-marker\"><\/div>\n\t\t\t\t<\/div>\n\t\t\t<\/div>\n\t\t\t\t\t\t<div class=\"col-sm-6 col-lg-4  tt-item\">\n\t\t\t\t<div class=\"tt-services-promo\">\n\t\t\t\t\t<div class=\"tt-value tt-value__indent\">3<\/div>\n\t\t\t\t\t<div class=\"tt-wrapper\">\n\t\t\t\t\t\t<div class=\"tt-col-icon  icon-price-tag\"><\/div>\n\t\t\t\t\t\t<div class=\"tt-col-layout\">\n\t\t\t\t\t\t\t<div class=\"tt-title\">\n\t\t\t\t\t\t\t\tGarantie du prix d'usine\t\t\t\t\t\t\t<\/div>\n\t\t\t\t\t\t\t<p>\n\t\t\t\t\t\t\t\tVous obtiendrez un prix d'usine avantageux\t\t\t\t\t\t\t<\/p>\n\t\t\t\t\t\t<\/div>\n\t\t\t\t\t<\/div>\n\t\t\t\t\t<div class=\"tt-bg-marker\"><\/div>\n\t\t\t\t<\/div>\n\t\t\t<\/div>\n\t\t\t\n\t\t<\/div>\n\t<\/div>\n<\/div>\n\t\t\t\t<\/div>\n\t\t\t\t<\/div>\n\t\t\t\t\t<\/div>\n\t\t<\/div>\n\t\t\t\t\t<\/div>\n\t\t<\/section>\n\t\t\t\t<section class=\"elementor-section elementor-top-section elementor-element elementor-element-fc00e82 elementor-section-stretched elementor-section-full_width elementor-section-height-default elementor-section-height-default\" data-id=\"fc00e82\" data-element_type=\"section\" data-settings=\"{&quot;stretch_section&quot;:&quot;section-stretched&quot;}\">\n\t\t\t\t\t\t<div class=\"elementor-container elementor-column-gap-no\">\n\t\t\t\t\t<div class=\"elementor-column elementor-col-100 elementor-top-column elementor-element elementor-element-8371e37\" data-id=\"8371e37\" data-element_type=\"column\">\n\t\t\t<div class=\"elementor-widget-wrap\">\n\t\t\t\t\t\t\t<\/div>\n\t\t<\/div>\n\t\t\t\t\t<\/div>\n\t\t<\/section>\n\t\t\t\t<section class=\"elementor-section elementor-top-section elementor-element elementor-element-9626557 elementor-section-stretched elementor-section-full_width elementor-section-height-default elementor-section-height-default\" data-id=\"9626557\" data-element_type=\"section\" data-settings=\"{&quot;stretch_section&quot;:&quot;section-stretched&quot;}\">\n\t\t\t\t\t\t<div class=\"elementor-container elementor-column-gap-no\">\n\t\t\t\t\t<div class=\"elementor-column elementor-col-100 elementor-top-column elementor-element elementor-element-6110efb\" data-id=\"6110efb\" data-element_type=\"column\">\n\t\t\t<div class=\"elementor-widget-wrap elementor-element-populated\">\n\t\t\t\t\t\t<div class=\"elementor-element elementor-element-54a2aa2 elementor-widget elementor-widget-ele_banner_1\" data-id=\"54a2aa2\" data-element_type=\"widget\" data-widget_type=\"ele_banner_1.default\">\n\t\t\t\t<div class=\"elementor-widget-container\">\n\t\t\t\t\t\t\t<div class=\"section-indent\">\n\t\t\t<div class=\"tt-box01 js-init-bg lazyload\" data-bg=\"https:\/\/www.tongou.com\/fr\/wp-content\/uploads\/2020\/07\/box01-bg-desktop-1.jpg\">\n\t\t\t\t<div class=\"container\">\n\t\t\t\t\t<div class=\"tt-box01__holder\">\n\t\t\t\t\t\t<div class=\"tt-box01__description\">\n\t\t\t\t\t\t\t<h4 class=\"tt-box01__title\">\n\t\t\t\t\t\t\tD\u00e9sirez-vous <span class=\"tt-base-color\">obtenir des \u00e9chantillons<\/span> chez Tongou ?\n \n\t\t\t\t\t\t\t<\/h4>\n\t\t\t\t\t\t\t<p>\n\t\t\t\t\t\t\tNous sommes tr\u00e8s heureux de fournir nos \u00e9chantillons aux clients pour tests et d\u00e9bogage. Veuillez nous envoyer un message maintenant.\n\t\t\t\t\t\t\t<\/p>\n\t\t\t\t\t\t\t<div class=\"tt-row-btn\">\n\t\t\t\t\t\t\t\t\t\t\t\t\t\t\t<a class=\"tt-btn btn__color01\" href=\"https:\/\/tongou.com\/contact\/\" rel=\"nofollow noopener\" target=\"_blank\"><span class=\"icon-telephone\"><\/span>Envoyer un message<\/a>\n\t\t\t\t\t\t\t\t\t\t\t\t\t\t\t<a class=\"tt-btn btn__color02\" data-toggle=\"modal\" data-target=\"#modalMakeAppointment\" href=\"#\">\n\t\t\t\t\t\t\t\t\t\t\t\t\t\t\t\t<span class=\"icon-lightning\"><\/span>\n\t\t\t\t\t\t\t\t \t\t\t\t\t\t\t\tDemande d&#039;\u00e9chantillon<\/a>\n\n\n\t\t\t\t\t\t\t<\/div>\n\t\t\t\t\t\t<\/div>\n\t\t\t\t\t<\/div>\n\t\t\t\t<\/div>\n\t\t\t<\/div>\n\t\t<\/div>\n\t\t\t\t\t\t<\/div>\n\t\t\t\t<\/div>\n\t\t\t\t<div class=\"elementor-element elementor-element-593c3d5 elementor-widget elementor-widget-electrician-bulb\" data-id=\"593c3d5\" data-element_type=\"widget\" data-widget_type=\"electrician-bulb.default\">\n\t\t\t\t<div class=\"elementor-widget-container\">\n\t\t\t\t\t\t\t<div class=\"section-indent\">\n\t\t<div class=\"container container-lg-fluid\">\n\t\t\t<div class=\"section-title max-width-01\">\n\t\t\t\t<div class=\"section-title__01\">Tirages d'usine<\/div>\n\t\t\t\t<div class=\"section-title__02\">Certification ISO 9001<\/div>\n\t\t\t\t<div class=\"section-title__03\">\n\t\t\t\tTous nos employ\u00e9s et machines sont incorpor\u00e9s dans un Syst\u00e8me de gestion int\u00e9gr\u00e9 qui a pass\u00e9 la norme ISO 9001 pour garantir la prestation de services \u00e0 un niveau exceptionnel de qualit\u00e9, de fiabilit\u00e9 et de valeur.\n\t\t\t\t<\/div>\n\t\t\t<\/div>\n\t\t\t<div \n\t\t\t\t\t\t\tclass=\"tt-box05_wrapper row slick-type01 slick-type01\"\n\t\t\t\tdata-slick='{\n\t\t\t\t\t\"slidesToShow\": 3,\n\t\t\t\t\t\"slidesToScroll\": 2,\n\t\t\t\t\t\"responsive\": [\n\t\t\t\t\t\t{\n\t\t\t\t\t\t\t\"breakpoint\": 750,\n\t\t\t\t\t\t\t\"settings\": {\n\t\t\t\t\t\t\t\t\"slidesToShow\": 2\n\t\t\t\t\t\t\t}\n\t\t\t\t\t\t},\n\t\t\t\t\t\t{\n\t\t\t\t\t\t\t\"breakpoint\": 546,\n\t\t\t\t\t\t\t\"settings\": {\n\t\t\t\t\t\t\t\t\"slidesToShow\": 1,\n\t\t\t\t\t\t\t\t\"slidesToScroll\": 1\n\t\t\t\t\t\t\t}\n\t\t\t\t\t\t}\n\t\t\t\t\t]\n\t\t\t\t}'>\n\t\t\t\t\t\t\t\t\t\t<div class=\"col-md-4 col-sm-4 col-xs-12\">\n\t\t\t\t\t<a href=\"\" class=\"tt-box05\">\n\t\t\t\t\t\t<div class=\"tt-box05__img\">\n\t\t\t\t\t\t\t<img loading=\"lazy\" decoding=\"async\" width=\"224\" height=\"282\" src=\"https:\/\/www.tongou.com\/fr\/wp-content\/uploads\/2022\/04\/contactor-automated-assembly-line.jpg\" class=\"tt-img-main\" alt=\"contactor-automated-assembly-line\" \/>\t\t\t\t\t\t\t<img loading=\"lazy\" decoding=\"async\" width=\"224\" height=\"332\" src=\"https:\/\/www.tongou.com\/fr\/wp-content\/uploads\/2020\/07\/mask-img02-1.png\" class=\"tt-img-mask\" alt=\"\" srcset=\"https:\/\/www.tongou.com\/fr\/wp-content\/uploads\/2020\/07\/mask-img02-1.png 224w, https:\/\/www.tongou.com\/fr\/wp-content\/uploads\/2020\/07\/mask-img02-1-202x300.png 202w\" sizes=\"(max-width: 224px) 100vw, 224px\" \/>\t\t\t\t\t\t<\/div>\n\t\t\t\t\t\t<div class=\"tt-box05__title\">\n\t\t\t\t\t\t\t<div class=\"tt-text-01\">Ligne d'assemblage automatis\u00e9e\n<\/div>\n\t\t\t\t\t\t\t<div class=\"tt-text-02\">Des produits plus efficaces et de meilleure qualit\u00e9 pour vous.\n<\/div>\n\t\t\t\t\t\t<\/div>\n\t\t\t\t\t<\/a>\n\t\t\t\t<\/div>\n\t\t\t\t\t\t\t\t\t<div class=\"col-md-4 col-sm-4 col-xs-12\">\n\t\t\t\t\t<a href=\"\" class=\"tt-box05\">\n\t\t\t\t\t\t<div class=\"tt-box05__img\">\n\t\t\t\t\t\t\t<img loading=\"lazy\" decoding=\"async\" width=\"224\" height=\"282\" src=\"https:\/\/www.tongou.com\/fr\/wp-content\/uploads\/2022\/04\/Circuit-breaker-automated-prodcution-line.jpg\" class=\"tt-img-main\" alt=\"\" \/>\t\t\t\t\t\t\t<img loading=\"lazy\" decoding=\"async\" width=\"224\" height=\"332\" src=\"https:\/\/www.tongou.com\/fr\/wp-content\/uploads\/2020\/07\/mask-img02-1.png\" class=\"tt-img-mask\" alt=\"\" srcset=\"https:\/\/www.tongou.com\/fr\/wp-content\/uploads\/2020\/07\/mask-img02-1.png 224w, https:\/\/www.tongou.com\/fr\/wp-content\/uploads\/2020\/07\/mask-img02-1-202x300.png 202w\" sizes=\"(max-width: 224px) 100vw, 224px\" \/>\t\t\t\t\t\t<\/div>\n\t\t\t\t\t\t<div class=\"tt-box05__title\">\n\t\t\t\t\t\t\t<div class=\"tt-text-01\">Ligne d'assemblage semi-automatique<\/div>\n\t\t\t\t\t\t\t<div class=\"tt-text-02\">Disponibilit\u00e9 des besoins de personnalisation OEM et ODM, des petits ordres aux commandes en grande quantit\u00e9.\n<\/div>\n\t\t\t\t\t\t<\/div>\n\t\t\t\t\t<\/a>\n\t\t\t\t<\/div>\n\t\t\t\t\t\t\t\t\t<div class=\"col-md-4 col-sm-4 col-xs-12\">\n\t\t\t\t\t<a href=\"\" class=\"tt-box05\">\n\t\t\t\t\t\t<div class=\"tt-box05__img\">\n\t\t\t\t\t\t\t<img loading=\"lazy\" decoding=\"async\" width=\"224\" height=\"282\" src=\"https:\/\/www.tongou.com\/fr\/wp-content\/uploads\/2022\/04\/Circuit-breaker-automated-testing-line.jpg\" class=\"tt-img-main\" alt=\"Circuit-breaker-automated-testing-line\" \/>\t\t\t\t\t\t\t<img loading=\"lazy\" decoding=\"async\" width=\"224\" height=\"332\" src=\"https:\/\/www.tongou.com\/fr\/wp-content\/uploads\/2020\/07\/mask-img02-1.png\" class=\"tt-img-mask\" alt=\"\" srcset=\"https:\/\/www.tongou.com\/fr\/wp-content\/uploads\/2020\/07\/mask-img02-1.png 224w, https:\/\/www.tongou.com\/fr\/wp-content\/uploads\/2020\/07\/mask-img02-1-202x300.png 202w\" sizes=\"(max-width: 224px) 100vw, 224px\" \/>\t\t\t\t\t\t<\/div>\n\t\t\t\t\t\t<div class=\"tt-box05__title\">\n\t\t\t\t\t\t\t<div class=\"tt-text-01\">Machine d'essai automatique de produit<\/div>\n\t\t\t\t\t\t\t<div class=\"tt-text-02\">100% full inspection, reject all unqualified products<\/div>\n\t\t\t\t\t\t<\/div>\n\t\t\t\t\t<\/a>\n\t\t\t\t<\/div>\n\t\t\t\t\t\t\t\t<\/div>\n\t\t<\/div>\n\t<\/div>\n\t\t\t\t\t<\/div>\n\t\t\t\t<\/div>\n\t\t\t\t\t<\/div>\n\t\t<\/div>\n\t\t\t\t\t<\/div>\n\t\t<\/section>\n\t\t\t\t<\/div>\n\t\t","protected":false},"excerpt":{"rendered":"<p>Plus de 30 ans d&#8217;histoire et d&#8217;exp\u00e9rience Qu&#8217;est-ce que TONGOU fait ? TONGOU est une marque d\u00e9pos\u00e9e de Changyou Technology, cr\u00e9\u00e9e en 1993, d\u00e9di\u00e9e \u00e0 devenir un leader expert dans les solutions de syst\u00e8mes \u00e9lectriques \u00e0 basse tension de haut niveau. Nous consid\u00e9rons la r\u00e9solution des pressions et des d\u00e9fis des clients comme notre mission [&hellip;]<\/p>\n","protected":false},"author":1,"featured_media":8649,"parent":0,"menu_order":0,"comment_status":"open","ping_status":"closed","template":"","meta":{"rank_math_lock_modified_date":false,"_joinchat":[],"footnotes":"","_links_to":"","_links_to_target":""},"class_list":["post-2164","page","type-page","status-publish","has-post-thumbnail","hentry"],"acf":[],"_links":{"self":[{"href":"https:\/\/www.tongou.com\/fr\/wp-json\/wp\/v2\/pages\/2164","targetHints":{"allow":["GET"]}}],"collection":[{"href":"https:\/\/www.tongou.com\/fr\/wp-json\/wp\/v2\/pages"}],"about":[{"href":"https:\/\/www.tongou.com\/fr\/wp-json\/wp\/v2\/types\/page"}],"author":[{"embeddable":true,"href":"https:\/\/www.tongou.com\/fr\/wp-json\/wp\/v2\/users\/1"}],"replies":[{"embeddable":true,"href":"https:\/\/www.tongou.com\/fr\/wp-json\/wp\/v2\/comments?post=2164"}],"version-history":[{"count":0,"href":"https:\/\/www.tongou.com\/fr\/wp-json\/wp\/v2\/pages\/2164\/revisions"}],"wp:featuredmedia":[{"embeddable":true,"href":"https:\/\/www.tongou.com\/fr\/wp-json\/wp\/v2\/media\/8649"}],"wp:attachment":[{"href":"https:\/\/www.tongou.com\/fr\/wp-json\/wp\/v2\/media?parent=2164"}],"curies":[{"name":"wp","href":"https:\/\/api.w.org\/{rel}","templated":true}]}}