{"id":2164,"date":"2022-05-30T08:08:38","date_gmt":"2022-05-30T08:08:38","guid":{"rendered":"https:\/\/elcb.netdemo3\/?page_id=2164"},"modified":"2024-10-10T04:48:16","modified_gmt":"2024-10-10T03:48:16","slug":"sobre-nosotros-elcb","status":"publish","type":"page","link":"https:\/\/www.tongou.com\/es\/sobre-nosotros-elcb\/","title":{"rendered":"Sobre nosotros"},"content":{"rendered":"\t\t<div data-elementor-type=\"wp-page\" data-elementor-id=\"2164\" class=\"elementor elementor-2164\">\n\t\t\t\t\t\t<section class=\"elementor-section elementor-top-section elementor-element elementor-element-b23d443 elementor-section-stretched elementor-section-full_width elementor-section-height-default elementor-section-height-default\" data-id=\"b23d443\" data-element_type=\"section\" data-settings=\"{&quot;stretch_section&quot;:&quot;section-stretched&quot;}\">\n\t\t\t\t\t\t<div class=\"elementor-container elementor-column-gap-no\">\n\t\t\t\t\t<div class=\"elementor-column elementor-col-100 elementor-top-column elementor-element elementor-element-1c1bab9\" data-id=\"1c1bab9\" data-element_type=\"column\">\n\t\t\t<div class=\"elementor-widget-wrap elementor-element-populated\">\n\t\t\t\t\t\t<div class=\"elementor-element elementor-element-9c21e86 elementor-widget elementor-widget-electrician_about_two\" data-id=\"9c21e86\" data-element_type=\"widget\" data-widget_type=\"electrician_about_two.default\">\n\t\t\t\t<div class=\"elementor-widget-container\">\n\t\t\t \n\t\t\t\t<div class=\"section-indent\">\n\t\t<div class=\"container container-lg-fluid\">\n\t\t\t<div class=\"layout01 layout01__revers layout01__small-layout layout01__img-more\">\n\t\t\t\t<div class=\"layout01__bg-marker\"><img decoding=\"async\" width=\"125\" height=\"125\" src=\"https:\/\/www.tongou.com\/es\/wp-content\/uploads\/2020\/07\/bg_marker02-1.png\" class=\"attachment-full size-full\" alt=\"\" srcset=\"https:\/\/www.tongou.com\/es\/wp-content\/uploads\/2020\/07\/bg_marker02-1.png 125w, https:\/\/www.tongou.com\/es\/wp-content\/uploads\/2020\/07\/bg_marker02-1-100x100.png 100w\" sizes=\"(max-width: 125px) 100vw, 125px\" \/><\/div>\n\t\t\t\t<div class=\"layout01__img\">\n\t\t\t\t\t<div class=\"tt-img-main\">\n\t\t\t<img fetchpriority=\"high\" decoding=\"async\" width=\"720\" height=\"552\" src=\"https:\/\/www.tongou.com\/es\/wp-content\/uploads\/2020\/08\/layout01-img03-1.jpg\" class=\"attachment-full size-full\" alt=\"\" srcset=\"https:\/\/www.tongou.com\/es\/wp-content\/uploads\/2020\/08\/layout01-img03-1.jpg 720w, https:\/\/www.tongou.com\/es\/wp-content\/uploads\/2020\/08\/layout01-img03-1-600x460.jpg 600w, https:\/\/www.tongou.com\/es\/wp-content\/uploads\/2020\/08\/layout01-img03-1-300x230.jpg 300w, https:\/\/www.tongou.com\/es\/wp-content\/uploads\/2020\/08\/layout01-img03-1-640x491.jpg 640w\" sizes=\"(max-width: 720px) 100vw, 720px\" \/>\t\t\t\t\t<\/div>\n\t\t\t\t\t<div class=\"tt-img-more left-bottom\">\n\t\t\t<img decoding=\"async\" width=\"436\" height=\"290\" src=\"https:\/\/www.tongou.com\/es\/wp-content\/uploads\/2020\/08\/layout01-img03-02-1.jpg\" class=\"attachment-full size-full\" alt=\"\" srcset=\"https:\/\/www.tongou.com\/es\/wp-content\/uploads\/2020\/08\/layout01-img03-02-1.jpg 436w, https:\/\/www.tongou.com\/es\/wp-content\/uploads\/2020\/08\/layout01-img03-02-1-300x200.jpg 300w\" sizes=\"(max-width: 436px) 100vw, 436px\" \/>\t\t\t\t\t<\/div>\n\t\t\t\t<\/div>\n\t\t\t\t<div class=\"layout01__content\">\n\t\t\t\t\t<div class=\"layout01__content-wrapper\">\n\t\t\t\t\t\t<div class=\"section-title text-left\">\n\t\t\t\t\t\t\t<div class=\"section-title__01\">M\u00e1s de 30 a\u00f1os de historia y experiencia.<\/div>\n\t\t\t\t\t\t\t<div class=\"section-title__02\">\u00bfCu\u00e1l es la funci\u00f3n de TONGOU?<\/div>\n\t\t\t\t\t\t<\/div>\n\t\t\t\t\t\t<p>\n\t\t\tTongou es una marca registrada de Changyou Technology, establecida en 1993, dedicada a convertirse en un experto l\u00edder en soluciones de sistemas el\u00e9ctricos de baja tensi\u00f3n de alta gama. Tomamos como misi\u00f3n resolver las presiones y desaf\u00edos de nuestros clientes y estamos comprometidos a crear un valor excepcional para ellos.\t\t\t\t\t\t<\/p>\n\t\t\t\t\t\t<p>\n\t\t\tTongou se enfoca en productos de seguridad el\u00e9ctrica para instalaciones dom\u00e9sticas, comerciales, industriales y similares, tales como interruptores autom\u00e1ticos en miniatura (MCB), interruptores diferenciales (RCCB), interruptores diferenciales con protecci\u00f3n contra sobrecorriente (RCBO), seccionadores, cajas de distribuci\u00f3n, interruptores autom\u00e1ticos en caja moldeada (MCCB), interruptores autom\u00e1ticos de aire (ACB), contactores de CA y interruptores autom\u00e1ticos inteligentes de IoT.\t\t\t\t\t\t<\/p>\n\t\t\t\t\t\t<div class=\"tt-box04-wrapper row\">\n\t\t\t\t\t\t\t\t\t\t<div class=\"col-6\">\n\t\t\t\t\t\t\t\t<div class=\"tt-box04\">\n\t\t\t\t\t\t\t\t\t<div class=\"tt-box04__figure\"><i class=\" icon-star-black-fivepointed-shape\"><\/i><\/div>\n\t\t\t\t\t\t\t\t\t<div class=\"tt-box04__content\">\n\t\t\t\t\t\t\t\t\t\t<div class=\"tt-title\">30+ a\u00f1os<\/div>\n\t\t\t\t\t\t\t\t\t\t<p>\n\t\t\t\tAmplia experiencia profesional y de atenci\u00f3n al cliente.\t\t\t\t\t\t\t\t\t\t<\/p>\n\t\t\t\t\t\t\t\t\t<\/div>\n\t\t\t\t\t\t\t\t<\/div>\n\t\t\t\t\t\t\t<\/div>\n\t\t\t\t\t\t\t\t\t\t<div class=\"col-6\">\n\t\t\t\t\t\t\t\t<div class=\"tt-box04\">\n\t\t\t\t\t\t\t\t\t<div class=\"tt-box04__figure\"><i class=\" icon-1716894\"><\/i><\/div>\n\t\t\t\t\t\t\t\t\t<div class=\"tt-box04__content\">\n\t\t\t\t\t\t\t\t\t\t<div class=\"tt-title\">M\u00e1s de 80 empleados<\/div>\n\t\t\t\t\t\t\t\t\t\t<p>\n\t\t\t\tEquipo de producci\u00f3n s\u00f3lido, excelente servicio postventa.\t\t\t\t\t\t\t\t\t\t<\/p>\n\t\t\t\t\t\t\t\t\t<\/div>\n\t\t\t\t\t\t\t\t<\/div>\n\t\t\t\t\t\t\t<\/div>\n\t\t\t\t\t\t\t\t\t<\/div>\n\t\t\t\t\t<\/div>\n\t\t\t\t<\/div>\n\t\t\t<\/div>\n\t\t<\/div>\n\t<\/div>\n\t\t\t\t\t\t<\/div>\n\t\t\t\t<\/div>\n\t\t\t\t\t<\/div>\n\t\t<\/div>\n\t\t\t\t\t<\/div>\n\t\t<\/section>\n\t\t\t\t<section class=\"elementor-section elementor-top-section elementor-element elementor-element-579b5b6 elementor-section-stretched elementor-section-full_width elementor-section-height-default elementor-section-height-default\" data-id=\"579b5b6\" data-element_type=\"section\" data-settings=\"{&quot;stretch_section&quot;:&quot;section-stretched&quot;}\">\n\t\t\t\t\t\t<div class=\"elementor-container elementor-column-gap-no\">\n\t\t\t\t\t<div class=\"elementor-column elementor-col-100 elementor-top-column elementor-element elementor-element-be9fa39\" data-id=\"be9fa39\" data-element_type=\"column\">\n\t\t\t<div class=\"elementor-widget-wrap elementor-element-populated\">\n\t\t\t\t\t\t<div class=\"elementor-element elementor-element-205c0d9 elementor-widget elementor-widget-electrician_certificates\" data-id=\"205c0d9\" data-element_type=\"widget\" data-widget_type=\"electrician_certificates.default\">\n\t\t\t\t<div class=\"elementor-widget-container\">\n\t\t\t<div class=\"section-indent\">\n\t<div class=\"layout01-fluid\">\n\t\t<div class=\"layout01__img\" style=\"background-image: url(https:\/\/www.tongou.com\/es\/wp-content\/uploads\/2022\/04\/electricity-control-factory-equipment-energy-tablet-industrial-power-system-maintenance_t20_VW2OeP.jpg)\"><\/div>\n\t\t<div class=\"container container-lg-fluid\">\n\t\t\t<div class=\"layout01__content\">\n\t\t\t\t<div class=\"layout01__content-wrapper\">\n\t\t\t\t\t<div class=\"section-title text-left\">\n\t\t\t\t\t\t<div class=\"section-title__01\">Certificados<\/div>\n\t\t\t\t\t\t<div class=\"section-title__02\">Somos una empresa el\u00e9ctrica cualificada y certificada.<\/div>\n\t\t\t\t\t<\/div>\n\t\t\t\t\t<p>\n\t\t\t\t\t\tColaboramos con muchas agencias de certificaci\u00f3n de gran renombre, tales como TUV, VDE, SAA, BV, Intertek, CCC. Los experimentos de prueba de productos est\u00e1n todos certificados por laboratorios CNAS. De acuerdo con las normas IEC, EN, GB, AS\/NZS, entre otras, podemos proporcionar r\u00e1pidamente nuestro certificado o informe de prueba al cliente que lo necesite, y tambi\u00e9n podemos obtener el certificado correspondiente seg\u00fan los requisitos del cliente.\t\t\t\t\t<\/p>\n\t\t\t\t\t<ul class=\"js-wrapper-gallery gallery01 gallery01-top\">\n\t\t\t\t\t\t\t\t\t\t\t\t<li><a class=\"tt-gallery\" href=\"https:\/\/www.tongou.com\/es\/wp-content\/uploads\/2022\/04\/TOBNS-40-RCBO-SAA-AS-NZS-61009-Certificate-1.jpg\">\n\t\t\t\t\t\t\t\t<img loading=\"lazy\" decoding=\"async\" width=\"100\" height=\"140\" src=\"https:\/\/www.tongou.com\/es\/wp-content\/uploads\/2022\/04\/TOBNS-40-RCBO-SAA-AS-NZS-61009-Certificate-e1650450015377.jpg\" class=\"attachment-full size-full\" alt=\"TOBNS-40-RCBO-SAA-AS-NZS-61009-Certificate\" \/>\t\t\t\t\t\t\t\t\t\n\t\t\t\t\t\t\t<\/a><\/li>\n\t\t\t\t\t\t\t\t\t\t\t\t<li><a class=\"tt-gallery\" href=\"https:\/\/www.tongou.com\/es\/wp-content\/uploads\/2022\/04\/TORD4-type-a-rcd-rccb-Certificate-1.jpg\">\n\t\t\t\t\t\t\t\t<img loading=\"lazy\" decoding=\"async\" width=\"100\" height=\"140\" src=\"https:\/\/www.tongou.com\/es\/wp-content\/uploads\/2022\/04\/TORD4-type-a-rcd-rccb-Certificate-e1650448988132.jpg\" class=\"attachment-full size-full\" alt=\"TORD4-type-a-rcd-rccb-Certificate\" \/>\t\t\t\t\t\t\t\t\t\n\t\t\t\t\t\t\t<\/a><\/li>\n\t\t\t\t\t\t\t\t\t\t\t\t<li><a class=\"tt-gallery\" href=\"https:\/\/www.tongou.com\/es\/wp-content\/uploads\/2022\/04\/TORD4-type-ac-type-a-rcd-rccb-CE-Certificate-1.jpg\">\n\t\t\t\t\t\t\t\t<img loading=\"lazy\" decoding=\"async\" width=\"100\" height=\"140\" src=\"https:\/\/www.tongou.com\/es\/wp-content\/uploads\/2022\/04\/TORD4-type-ac-type-a-rcd-rccb-CE-Certificate-e1650424365570.jpg\" class=\"attachment-full size-full\" alt=\"TORD4-type-ac-type-a-rcd-rccb-CE-Certificate\" \/>\t\t\t\t\t\t\t\t\t\n\t\t\t\t\t\t\t<\/a><\/li>\n\t\t\t\t\t\t\t\t\t\t\t\t<li><a class=\"tt-gallery\" href=\"https:\/\/www.tongou.com\/es\/wp-content\/uploads\/2022\/04\/TONGOU-ISO9001-certificate-1.jpg\">\n\t\t\t\t\t\t\t\t<img loading=\"lazy\" decoding=\"async\" width=\"100\" height=\"140\" src=\"https:\/\/www.tongou.com\/es\/wp-content\/uploads\/2022\/04\/TONGOU-ISO9001-certificate-e1650423943524.jpg\" class=\"attachment-full size-full\" alt=\"TONGOU-ISO9001-certificate\" \/>\t\t\t\t\t\t\t\t\t\n\t\t\t\t\t\t\t<\/a><\/li>\n\t\t\t\t\t\t\t\t\t\t\t\t<li><a class=\"tt-gallery\" href=\"https:\/\/www.tongou.com\/es\/wp-content\/uploads\/2022\/04\/TORD4-type-ac-type-a-rcd-rccb-tuv-Certificate-1.jpg\">\n\t\t\t\t\t\t\t\t<img loading=\"lazy\" decoding=\"async\" width=\"100\" height=\"140\" src=\"https:\/\/www.tongou.com\/es\/wp-content\/uploads\/2022\/04\/TORD4-type-ac-type-a-rcd-rccb-tuv-Certificate-e1650450306734.jpg\" class=\"attachment-full size-full\" alt=\"TORD4-type-ac-type-a-rcd-rccb-tuv-Certificate\" \/>\t\t\t\t\t\t\t\t\t\n\t\t\t\t\t\t\t<\/a><\/li>\n\t\t\t\t\t\t\t\t\t\t\t\t<li><a class=\"tt-gallery\" href=\"https:\/\/www.tongou.com\/es\/wp-content\/uploads\/2022\/04\/miniature-circuit-breaker-EAC-russian-certificate-1.jpg\">\n\t\t\t\t\t\t\t\t<img loading=\"lazy\" decoding=\"async\" width=\"100\" height=\"140\" src=\"https:\/\/www.tongou.com\/es\/wp-content\/uploads\/2022\/04\/miniature-circuit-breaker-EAC-russian-certificate-e1650451044838.jpg\" class=\"attachment-full size-full\" alt=\"miniature-circuit-breaker-EAC-russian-certificate\" \/>\t\t\t\t\t\t\t\t\t\n\t\t\t\t\t\t\t<\/a><\/li>\n\t\t\t\t\t\t\t\t\t\t\t\t<li><a class=\"tt-gallery\" href=\"https:\/\/www.tongou.com\/es\/wp-content\/uploads\/2022\/04\/TYPE-B-RCD-RCCB-CE-intertek-certificate-1.jpg\">\n\t\t\t\t\t\t\t\t<img loading=\"lazy\" decoding=\"async\" width=\"100\" height=\"140\" src=\"https:\/\/www.tongou.com\/es\/wp-content\/uploads\/2022\/04\/TYPE-B-RCD-RCCB-CE-intertek-certificate-e1650451803364.jpg\" class=\"attachment-full size-full\" alt=\"TYPE-B-RCD-RCCB-CE-intertek-certificate\" \/>\t\t\t\t\t\t\t\t\t\n\t\t\t\t\t\t\t<\/a><\/li>\n\t\t\t\t\t\t\t\t\t\t\t\t<li><a class=\"tt-gallery\" href=\"https:\/\/www.tongou.com\/es\/wp-content\/uploads\/2022\/04\/RCCB-RCD-RoHs-certificate-1.jpg\">\n\t\t\t\t\t\t\t\t<img loading=\"lazy\" decoding=\"async\" width=\"100\" height=\"140\" src=\"https:\/\/www.tongou.com\/es\/wp-content\/uploads\/2022\/04\/RCCB-RCD-RoHs-certificate-e1650452183181.jpg\" class=\"attachment-full size-full\" alt=\"RCCB-RCD-RoHs-certificate\" \/>\t\t\t\t\t\t\t\t\t\n\t\t\t\t\t\t\t<\/a><\/li>\n\t\t\t\t\t\t\n\t\t\t\t\t<\/ul>\n\t\t\t\t<\/div>\n\t\t\t<\/div>\n\t\t<\/div>\n\t<\/div>\n<\/div>\n\t\t\t\t<\/div>\n\t\t\t\t<\/div>\n\t\t\t\t\t<\/div>\n\t\t<\/div>\n\t\t\t\t\t<\/div>\n\t\t<\/section>\n\t\t\t\t<section class=\"elementor-section elementor-top-section elementor-element elementor-element-191c79e elementor-section-stretched elementor-section-full_width elementor-section-height-default elementor-section-height-default\" data-id=\"191c79e\" data-element_type=\"section\" data-settings=\"{&quot;stretch_section&quot;:&quot;section-stretched&quot;}\">\n\t\t\t\t\t\t<div class=\"elementor-container elementor-column-gap-no\">\n\t\t\t\t\t<div class=\"elementor-column elementor-col-100 elementor-top-column elementor-element elementor-element-1b296d1\" data-id=\"1b296d1\" data-element_type=\"column\">\n\t\t\t<div class=\"elementor-widget-wrap elementor-element-populated\">\n\t\t\t\t\t\t<div class=\"elementor-element elementor-element-0ef39a1 elementor-widget elementor-widget-electrician_advantages\" data-id=\"0ef39a1\" data-element_type=\"widget\" data-widget_type=\"electrician_advantages.default\">\n\t\t\t\t<div class=\"elementor-widget-container\">\n\t\t\t<div class=\"section-indent\">\n\t<div class=\"container container-lg-fluid\">\n\t\t<div class=\"section-title max-width-01\">\n\t\t\t<div class=\"section-title__01\">Nuestras ventajas<\/div>\n\t\t\t<div class=\"section-title__02\">Razones por las que deber\u00eda elegirnos<\/div>\n\t\t\t<div class=\"section-title__03\">\n\t\t\t\tTongou es su fuente para una gama completa de productos el\u00e9ctricos de alta calidad, incluyendo soporte t\u00e9cnico de productos, precios de f\u00e1brica competitivos y rapidez en la entrega.\t\t\t<\/div>\n\t\t<\/div>\n\t\t<div class=\"row tt-services-promo__list justify-content-center\">\n\t\t\t\t\t\t<div class=\"col-sm-6 col-lg-4  tt-item\">\n\t\t\t\t<div class=\"tt-services-promo\">\n\t\t\t\t\t<div class=\"tt-value tt-value__indent\">1<\/div>\n\t\t\t\t\t<div class=\"tt-wrapper\">\n\t\t\t\t\t\t<div class=\"tt-col-icon  icon-hours\"><\/div>\n\t\t\t\t\t\t<div class=\"tt-col-layout\">\n\t\t\t\t\t\t\t<div class=\"tt-title\">\n\t\t\t\t\t\t\t\tServicios en l\u00ednea 24\/7\t\t\t\t\t\t\t<\/div>\n\t\t\t\t\t\t\t<p>\n\t\t\t\t\t\t\t\tCotizaci\u00f3n de productos y soporte t\u00e9cnico.\t\t\t\t\t\t\t<\/p>\n\t\t\t\t\t\t<\/div>\n\t\t\t\t\t<\/div>\n\t\t\t\t\t<div class=\"tt-bg-marker\"><\/div>\n\t\t\t\t<\/div>\n\t\t\t<\/div>\n\t\t\t\t\t\t<div class=\"col-sm-6 col-lg-4  tt-item\">\n\t\t\t\t<div class=\"tt-services-promo\">\n\t\t\t\t\t<div class=\"tt-value tt-value__indent\">2<\/div>\n\t\t\t\t\t<div class=\"tt-wrapper\">\n\t\t\t\t\t\t<div class=\"tt-col-icon  icon-1895474\"><\/div>\n\t\t\t\t\t\t<div class=\"tt-col-layout\">\n\t\t\t\t\t\t\t<div class=\"tt-title\">\n\t\t\t\t\t\t\t\tSeguro de calidad\t\t\t\t\t\t\t<\/div>\n\t\t\t\t\t\t\t<p>\n\t\t\t\t\t\t\t\tEl 70% de las ganancias para la producci\u00f3n.\t\t\t\t\t\t\t<\/p>\n\t\t\t\t\t\t<\/div>\n\t\t\t\t\t<\/div>\n\t\t\t\t\t<div class=\"tt-bg-marker\"><\/div>\n\t\t\t\t<\/div>\n\t\t\t<\/div>\n\t\t\t\t\t\t<div class=\"col-sm-6 col-lg-4  tt-item\">\n\t\t\t\t<div class=\"tt-services-promo\">\n\t\t\t\t\t<div class=\"tt-value tt-value__indent\">3<\/div>\n\t\t\t\t\t<div class=\"tt-wrapper\">\n\t\t\t\t\t\t<div class=\"tt-col-icon  icon-price-tag\"><\/div>\n\t\t\t\t\t\t<div class=\"tt-col-layout\">\n\t\t\t\t\t\t\t<div class=\"tt-title\">\n\t\t\t\t\t\t\t\tGarant\u00eda de precio de f\u00e1brica\t\t\t\t\t\t\t<\/div>\n\t\t\t\t\t\t\t<p>\n\t\t\t\t\t\t\t\tObtendr\u00e1 un precio de f\u00e1brica rentable.\t\t\t\t\t\t\t<\/p>\n\t\t\t\t\t\t<\/div>\n\t\t\t\t\t<\/div>\n\t\t\t\t\t<div class=\"tt-bg-marker\"><\/div>\n\t\t\t\t<\/div>\n\t\t\t<\/div>\n\t\t\t\n\t\t<\/div>\n\t<\/div>\n<\/div>\n\t\t\t\t<\/div>\n\t\t\t\t<\/div>\n\t\t\t\t\t<\/div>\n\t\t<\/div>\n\t\t\t\t\t<\/div>\n\t\t<\/section>\n\t\t\t\t<section class=\"elementor-section elementor-top-section elementor-element elementor-element-fc00e82 elementor-section-stretched elementor-section-full_width elementor-section-height-default elementor-section-height-default\" data-id=\"fc00e82\" data-element_type=\"section\" data-settings=\"{&quot;stretch_section&quot;:&quot;section-stretched&quot;}\">\n\t\t\t\t\t\t<div class=\"elementor-container elementor-column-gap-no\">\n\t\t\t\t\t<div class=\"elementor-column elementor-col-100 elementor-top-column elementor-element elementor-element-8371e37\" data-id=\"8371e37\" data-element_type=\"column\">\n\t\t\t<div class=\"elementor-widget-wrap\">\n\t\t\t\t\t\t\t<\/div>\n\t\t<\/div>\n\t\t\t\t\t<\/div>\n\t\t<\/section>\n\t\t\t\t<section class=\"elementor-section elementor-top-section elementor-element elementor-element-9626557 elementor-section-stretched elementor-section-full_width elementor-section-height-default elementor-section-height-default\" data-id=\"9626557\" data-element_type=\"section\" data-settings=\"{&quot;stretch_section&quot;:&quot;section-stretched&quot;}\">\n\t\t\t\t\t\t<div class=\"elementor-container elementor-column-gap-no\">\n\t\t\t\t\t<div class=\"elementor-column elementor-col-100 elementor-top-column elementor-element elementor-element-6110efb\" data-id=\"6110efb\" data-element_type=\"column\">\n\t\t\t<div class=\"elementor-widget-wrap elementor-element-populated\">\n\t\t\t\t\t\t<div class=\"elementor-element elementor-element-54a2aa2 elementor-widget elementor-widget-ele_banner_1\" data-id=\"54a2aa2\" data-element_type=\"widget\" data-widget_type=\"ele_banner_1.default\">\n\t\t\t\t<div class=\"elementor-widget-container\">\n\t\t\t\t\t\t\t<div class=\"section-indent\">\n\t\t\t<div class=\"tt-box01 js-init-bg lazyload\" data-bg=\"https:\/\/www.tongou.com\/es\/wp-content\/uploads\/2020\/07\/box01-bg-desktop-1.jpg\">\n\t\t\t\t<div class=\"container\">\n\t\t\t\t\t<div class=\"tt-box01__holder\">\n\t\t\t\t\t\t<div class=\"tt-box01__description\">\n\t\t\t\t\t\t\t<h4 class=\"tt-box01__title\">\n\t\t\t\t\t\t\t\u00bfLe gustar\u00eda <span class=\"tt-base-color\">obtener muestras<\/span><br>de Tongou?<br>  \n\t\t\t\t\t\t\t<\/h4>\n\t\t\t\t\t\t\t<p>\n\t\t\t\t\t\t\tEstamos encantados de proporcionar nuestras muestras a los clientes para pruebas y depuraci\u00f3n. Por favor, env\u00edenos un mensaje ahora.\n\t\t\t\t\t\t<\/p>\t\t\t\t\t\t\t<\/p>\n\t\t\t\t\t\t\t<div class=\"tt-row-btn\">\n\t\t\t\t\t\t\t\t\t\t\t\t\t\t\t<a class=\"tt-btn btn__color01\" href=\"https:\/\/www.tongou.com\/es\/contacto-tongou-electrico\/\"><span class=\"icon-telephone\"><\/span>Enviar un mensaje<\/a>\n\t\t\t\t\t\t\t\t\t\t\t\t\t\t\t<a class=\"tt-btn btn__color02\" data-toggle=\"modal\" data-target=\"#modalMakeAppointment\" href=\"#\">\n\t\t\t\t\t\t\t\t\t\t\t\t\t\t\t\t<span class=\"icon-lightning\"><\/span>\n\t\t\t\t\t\t\t\t \t\t\t\t\t\t\t\tSolicitud de muestra<\/a>\n\n\n\t\t\t\t\t\t\t<\/div>\n\t\t\t\t\t\t<\/div>\n\t\t\t\t\t<\/div>\n\t\t\t\t<\/div>\n\t\t\t<\/div>\n\t\t<\/div>\n\t\t\t\t\t\t<\/div>\n\t\t\t\t<\/div>\n\t\t\t\t<div class=\"elementor-element elementor-element-593c3d5 elementor-widget elementor-widget-electrician-bulb\" data-id=\"593c3d5\" data-element_type=\"widget\" data-widget_type=\"electrician-bulb.default\">\n\t\t\t\t<div class=\"elementor-widget-container\">\n\t\t\t\t\t\t\t<div class=\"section-indent\">\n\t\t<div class=\"container container-lg-fluid\">\n\t\t\t<div class=\"section-title max-width-01\">\n\t\t\t\t<div class=\"section-title__01\">Factory Shooting<\/div>\n\t\t\t\t<div class=\"section-title__02\"> ISO 9001 certification<\/div>\n\t\t\t\t<div class=\"section-title__03\">\n\t\t\t\tAll our staffs and machines within an Integrated Management System which passed ISO 9001 Quality System to ensure the delivery of services that are at an exception level of quality, reliability, and value.\t\t\t\t<\/div>\n\t\t\t<\/div>\n\t\t\t<div \n\t\t\t\t\t\t\tclass=\"tt-box05_wrapper row slick-type01 slick-type01\"\n\t\t\t\tdata-slick='{\n\t\t\t\t\t\"slidesToShow\": 3,\n\t\t\t\t\t\"slidesToScroll\": 2,\n\t\t\t\t\t\"responsive\": [\n\t\t\t\t\t\t{\n\t\t\t\t\t\t\t\"breakpoint\": 750,\n\t\t\t\t\t\t\t\"settings\": {\n\t\t\t\t\t\t\t\t\"slidesToShow\": 2\n\t\t\t\t\t\t\t}\n\t\t\t\t\t\t},\n\t\t\t\t\t\t{\n\t\t\t\t\t\t\t\"breakpoint\": 546,\n\t\t\t\t\t\t\t\"settings\": {\n\t\t\t\t\t\t\t\t\"slidesToShow\": 1,\n\t\t\t\t\t\t\t\t\"slidesToScroll\": 1\n\t\t\t\t\t\t\t}\n\t\t\t\t\t\t}\n\t\t\t\t\t]\n\t\t\t\t}'>\n\t\t\t\t\t\t\t\t\t\t<div class=\"col-md-4 col-sm-4 col-xs-12\">\n\t\t\t\t\t<a href=\"\" class=\"tt-box05\">\n\t\t\t\t\t\t<div class=\"tt-box05__img\">\n\t\t\t\t\t\t\t<img loading=\"lazy\" decoding=\"async\" width=\"224\" height=\"282\" src=\"https:\/\/www.tongou.com\/es\/wp-content\/uploads\/2022\/04\/contactor-automated-assembly-line.jpg\" class=\"tt-img-main\" alt=\"contactor-automated-assembly-line\" \/>\t\t\t\t\t\t\t<img loading=\"lazy\" decoding=\"async\" width=\"224\" height=\"332\" src=\"https:\/\/www.tongou.com\/es\/wp-content\/uploads\/2020\/07\/mask-img02-1.png\" class=\"tt-img-mask\" alt=\"\" srcset=\"https:\/\/www.tongou.com\/es\/wp-content\/uploads\/2020\/07\/mask-img02-1.png 224w, https:\/\/www.tongou.com\/es\/wp-content\/uploads\/2020\/07\/mask-img02-1-202x300.png 202w\" sizes=\"(max-width: 224px) 100vw, 224px\" \/>\t\t\t\t\t\t<\/div>\n\t\t\t\t\t\t<div class=\"tt-box05__title\">\n\t\t\t\t\t\t\t<div class=\"tt-text-01\">Automated Assembly Line<\/div>\n\t\t\t\t\t\t\t<div class=\"tt-text-02\">More efficient and more stable quality products for you.<\/div>\n\t\t\t\t\t\t<\/div>\n\t\t\t\t\t<\/a>\n\t\t\t\t<\/div>\n\t\t\t\t\t\t\t\t\t<div class=\"col-md-4 col-sm-4 col-xs-12\">\n\t\t\t\t\t<a href=\"\" class=\"tt-box05\">\n\t\t\t\t\t\t<div class=\"tt-box05__img\">\n\t\t\t\t\t\t\t<img loading=\"lazy\" decoding=\"async\" width=\"224\" height=\"282\" src=\"https:\/\/www.tongou.com\/es\/wp-content\/uploads\/2022\/04\/Circuit-breaker-automated-prodcution-line.jpg\" class=\"tt-img-main\" alt=\"\" \/>\t\t\t\t\t\t\t<img loading=\"lazy\" decoding=\"async\" width=\"224\" height=\"332\" src=\"https:\/\/www.tongou.com\/es\/wp-content\/uploads\/2020\/07\/mask-img02-1.png\" class=\"tt-img-mask\" alt=\"\" srcset=\"https:\/\/www.tongou.com\/es\/wp-content\/uploads\/2020\/07\/mask-img02-1.png 224w, https:\/\/www.tongou.com\/es\/wp-content\/uploads\/2020\/07\/mask-img02-1-202x300.png 202w\" sizes=\"(max-width: 224px) 100vw, 224px\" \/>\t\t\t\t\t\t<\/div>\n\t\t\t\t\t\t<div class=\"tt-box05__title\">\n\t\t\t\t\t\t\t<div class=\"tt-text-01\">Semi-automatic Assembly Line<\/div>\n\t\t\t\t\t\t\t<div class=\"tt-text-02\">Available OEM and ODM customization needs, from small orders to quantity orders.<\/div>\n\t\t\t\t\t\t<\/div>\n\t\t\t\t\t<\/a>\n\t\t\t\t<\/div>\n\t\t\t\t\t\t\t\t\t<div class=\"col-md-4 col-sm-4 col-xs-12\">\n\t\t\t\t\t<a href=\"\" class=\"tt-box05\">\n\t\t\t\t\t\t<div class=\"tt-box05__img\">\n\t\t\t\t\t\t\t<img loading=\"lazy\" decoding=\"async\" width=\"224\" height=\"282\" src=\"https:\/\/www.tongou.com\/es\/wp-content\/uploads\/2022\/04\/Circuit-breaker-automated-testing-line.jpg\" class=\"tt-img-main\" alt=\"Circuit-breaker-automated-testing-line\" \/>\t\t\t\t\t\t\t<img loading=\"lazy\" decoding=\"async\" width=\"224\" height=\"332\" src=\"https:\/\/www.tongou.com\/es\/wp-content\/uploads\/2020\/07\/mask-img02-1.png\" class=\"tt-img-mask\" alt=\"\" srcset=\"https:\/\/www.tongou.com\/es\/wp-content\/uploads\/2020\/07\/mask-img02-1.png 224w, https:\/\/www.tongou.com\/es\/wp-content\/uploads\/2020\/07\/mask-img02-1-202x300.png 202w\" sizes=\"(max-width: 224px) 100vw, 224px\" \/>\t\t\t\t\t\t<\/div>\n\t\t\t\t\t\t<div class=\"tt-box05__title\">\n\t\t\t\t\t\t\t<div class=\"tt-text-01\">Automatic Product Testing Machine<\/div>\n\t\t\t\t\t\t\t<div class=\"tt-text-02\">100% full inspection, reject all unqualified products<\/div>\n\t\t\t\t\t\t<\/div>\n\t\t\t\t\t<\/a>\n\t\t\t\t<\/div>\n\t\t\t\t\t\t\t\t<\/div>\n\t\t<\/div>\n\t<\/div>\n\t\t\t\t\t<\/div>\n\t\t\t\t<\/div>\n\t\t\t\t\t<\/div>\n\t\t<\/div>\n\t\t\t\t\t<\/div>\n\t\t<\/section>\n\t\t\t\t<\/div>\n\t\t","protected":false},"excerpt":{"rendered":"<p>M\u00e1s de 30 a\u00f1os de historia y experiencia. \u00bfCu\u00e1l es la funci\u00f3n de TONGOU? Tongou es una marca registrada de Changyou Technology, establecida en 1993, dedicada a convertirse en un experto l\u00edder en soluciones de sistemas el\u00e9ctricos de baja tensi\u00f3n de alta gama. Tomamos como misi\u00f3n resolver las presiones y desaf\u00edos de nuestros clientes y [&hellip;]<\/p>\n","protected":false},"author":1,"featured_media":8649,"parent":0,"menu_order":0,"comment_status":"open","ping_status":"closed","template":"","meta":{"_joinchat":[],"footnotes":"","_links_to":"","_links_to_target":""},"class_list":["post-2164","page","type-page","status-publish","has-post-thumbnail","hentry"],"acf":[],"_links":{"self":[{"href":"https:\/\/www.tongou.com\/es\/wp-json\/wp\/v2\/pages\/2164","targetHints":{"allow":["GET"]}}],"collection":[{"href":"https:\/\/www.tongou.com\/es\/wp-json\/wp\/v2\/pages"}],"about":[{"href":"https:\/\/www.tongou.com\/es\/wp-json\/wp\/v2\/types\/page"}],"author":[{"embeddable":true,"href":"https:\/\/www.tongou.com\/es\/wp-json\/wp\/v2\/users\/1"}],"replies":[{"embeddable":true,"href":"https:\/\/www.tongou.com\/es\/wp-json\/wp\/v2\/comments?post=2164"}],"version-history":[{"count":0,"href":"https:\/\/www.tongou.com\/es\/wp-json\/wp\/v2\/pages\/2164\/revisions"}],"wp:featuredmedia":[{"embeddable":true,"href":"https:\/\/www.tongou.com\/es\/wp-json\/wp\/v2\/media\/8649"}],"wp:attachment":[{"href":"https:\/\/www.tongou.com\/es\/wp-json\/wp\/v2\/media?parent=2164"}],"curies":[{"name":"wp","href":"https:\/\/api.w.org\/{rel}","templated":true}]}}