{"id":1500,"date":"2019-12-09T07:34:52","date_gmt":"2019-12-09T07:34:52","guid":{"rendered":"https:\/\/elcb.netdemo3\/?page_id=1500"},"modified":"2024-10-09T03:30:17","modified_gmt":"2024-10-09T02:30:17","slug":"faq","status":"publish","type":"page","link":"https:\/\/www.tongou.com\/es\/faqs\/","title":{"rendered":"Servicios"},"content":{"rendered":"\t\t<div data-elementor-type=\"wp-page\" data-elementor-id=\"1500\" class=\"elementor elementor-1500\">\n\t\t\t\t\t\t<section class=\"elementor-section elementor-top-section elementor-element elementor-element-f6ce48a elementor-section-stretched elementor-section-full_width elementor-section-height-default elementor-section-height-default\" data-id=\"f6ce48a\" data-element_type=\"section\" data-settings=\"{&quot;stretch_section&quot;:&quot;section-stretched&quot;}\">\n\t\t\t\t\t\t<div class=\"elementor-container elementor-column-gap-no\">\n\t\t\t\t\t<div class=\"elementor-column elementor-col-100 elementor-top-column elementor-element elementor-element-fac15be\" data-id=\"fac15be\" data-element_type=\"column\">\n\t\t\t<div class=\"elementor-widget-wrap elementor-element-populated\">\n\t\t\t\t\t\t<div class=\"elementor-element elementor-element-3ba7846 elementor-widget elementor-widget-elec_faqs\" data-id=\"3ba7846\" data-element_type=\"widget\" data-widget_type=\"elec_faqs.default\">\n\t\t\t\t<div class=\"elementor-widget-container\">\n\t\t\t\t\t\t\t\t\t<div class=\"section-indent\">\n\t\t\t\t\t<div class=\"container container-md-fluid\">\n\t\t\t\t\t\t<div class=\"section-title max-width-01\">\n\t\t\t\t\t\t\t<div class=\"section-title__01\"><\/div>\n\t\t\t\t\t\t\t<div class=\"section-title__02\"><h1 class=\"elcb_h1\">Sus Preguntas. Nuestras Respuestas.<\/h1><\/div>\n\t\t\t\t\t\t\t<div class=\"section-title__03\">\n\t\t\t\t\t\t\tAqu\u00ed encontrar\u00e1 respuestas a todas sus preguntas m\u00e1s comunes relacionadas con los Servicios El\u00e9ctricos.\n\t\t\t\t\t\t\t<\/div>\n\t\t\t\t\t\t<\/div>\n\t\t\t\t\t\t<div class=\"row tt-faq\">\n\t\t\t\t\t\t\t<div class=\"col-md-6\">\n\t\t\t\t\t\t\t\t<div class=\"js-accordeon\">\n\t\t\t\t\t\t\t\t\t\t\t\t\t\t\t\t\t<div class=\"tt-item\">\n\t\t\t\t\t\t\t\t\t\t<div class=\"tt-item__marker\"><\/div>\n\t\t\t\t\t\t\t\t\t\t<div class=\"tt-item__title\">\u00bfTienen agentes o sucursales en mi pa\u00eds?<\/div>\n\t\t\t\t\t\t\t\t\t\t<div class=\"tt-item__content\">\n\t\t\t\t\t\t\t\t\t\tEn la actualidad, estamos enviando productos directamente desde las f\u00e1bricas chinas a los clientes, ahorrando muchos costos de intermediarios. En el futuro, las empresas o agentes extranjeras tambi\u00e9n ser\u00e1n operadas directamente por la empresa.\n\t\t\t\t\t\t\t\t\t\t<\/div>\n\t\t\t\t\t\t\t\t\t<\/div>\n\t\t\t\t\t\t\t\t\t\t\t\t\t\t\t\t\t\t<div class=\"tt-item\">\n\t\t\t\t\t\t\t\t\t\t<div class=\"tt-item__marker\"><\/div>\n\t\t\t\t\t\t\t\t\t\t<div class=\"tt-item__title\">\u00bfC\u00f3mo puedo comprar una muestra?<\/div>\n\t\t\t\t\t\t\t\t\t\t<div class=\"tt-item__content\">\n\t\t\t\t\t\t\t\t\t\tPuedes enviarnos tu consulta directamente, contamos con vendedores especializados que se encargar\u00e1n de organizar las muestras para ti, o tambi\u00e9n puedes comprar a trav\u00e9s de plataformas de comercio electr\u00f3nico como: AliExpress, Amazon, eBay...\n\t\t\t\t\t\t\t\t\t\t<\/div>\n\t\t\t\t\t\t\t\t\t<\/div>\n\t\t\t\t\t\t\t\t\t\t\t\t\t\t\t\t\t\t<div class=\"tt-item\">\n\t\t\t\t\t\t\t\t\t\t<div class=\"tt-item__marker\"><\/div>\n\t\t\t\t\t\t\t\t\t\t<div class=\"tt-item__title\">\u00bfC\u00f3mo puedo asegurar la buena calidad?<\/div>\n\t\t\t\t\t\t\t\t\t\t<div class=\"tt-item__content\">\n\t\t\t\t\t\t\t\t\t\tLa empresa Tongou cuenta con una serie de certificaciones y la certificaci\u00f3n del sistema de gesti\u00f3n de calidad ISO9001, as\u00ed como certificaciones TUV, CE, SAA, ESV, CB y algunos certificados de laboratorio de acreditaci\u00f3n internacional CNAS, por lo que los productos cumplen con los est\u00e1ndares de la Comisi\u00f3n Electrot\u00e9cnica Internacional.\n\t\t\t\t\t\t\t\t\t\t<\/div>\n\t\t\t\t\t\t\t\t\t<\/div>\n\t\t\t\t\t\t\t\t\t\t\t\t\t\t\t\t\t<\/div> \n\t\t\t\t\t\t\t<\/div>\n\t\t\t\t\t\t\t<div class=\"col-md-6\">\n\t\t\t\t\t\t\t\t<div class=\"js-accordeon\">\n\t\t\t\t\t\t\t\t\t\t\t\t\t\t\t\t\t<div class=\"tt-item\">\n\t\t\t\t\t\t\t\t\t\t<div class=\"tt-item__marker\"><\/div>\n\t\t\t\t\t\t\t\t\t\t<div class=\"tt-item__title\">\u00bfC\u00f3mo se garantiza el tiempo de entrega de la producci\u00f3n?<\/div>\n\t\t\t\t\t\t\t\t\t\t<div class=\"tt-item__content\">\n\t\t\t\t\t\t\t\t\t\tAntes de comenzar el pedido, confirmaremos la fecha de entrega con los clientes, y cuando la producci\u00f3n est\u00e9 a mitad de camino, actualizaremos el estado de la producci\u00f3n a los clientes nuevamente. (A menos que sea por causa de una fuerza mayor, como una epidemia, un desastre natural)\n\t\t\t\t\t\t\t\t\t\t<\/div>\n\t\t\t\t\t\t\t\t\t<\/div>\n\t\t\t\t\t\t\t\t\t\t\t\t\t\t\t\t\t\t\t<div class=\"tt-item\">\n\t\t\t\t\t\t\t\t\t\t<div class=\"tt-item__marker\"><\/div>\n\t\t\t\t\t\t\t\t\t\t<div class=\"tt-item__title\">\u00bfPor qu\u00e9 elegir la marca Tongou?<\/div>\n\t\t\t\t\t\t\t\t\t\t<div class=\"tt-item__content\">\n\t\t\t\t\t\t\t\t\t\tTongou fue fundada en 1993, centr\u00e1ndose en la industria el\u00e9ctrica durante m\u00e1s de 30 a\u00f1os, es una f\u00e1brica el\u00e9ctrica con una experiencia rica. Si est\u00e1s involucrado en un negocio relacionado con productos de interruptores de circuito y cooperas con Tongou, podr\u00e1s resolver f\u00e1cilmente algunos problemas y apoyo t\u00e9cnico, obtendr\u00e1s la misma calidad que las grandes marcas internacionales y un buen precio de f\u00e1brica, disfrutar\u00e1s de la satisfacci\u00f3n de un alto reconocimiento por parte de los clientes con un desarrollo estable.\n\t\t\t\t\t\t\t\t\t\t<\/div>\n\t\t\t\t\t\t\t\t\t<\/div>\n\t\t\t\t\t\t\t\t\t\t\t\t\t\t\t\t\t\t\t<div class=\"tt-item\">\n\t\t\t\t\t\t\t\t\t\t<div class=\"tt-item__marker\"><\/div>\n\t\t\t\t\t\t\t\t\t\t<div class=\"tt-item__title\">\u00bfCon qu\u00e9 marcas cooper\u00e1is?<\/div>\n\t\t\t\t\t\t\t\t\t\t<div class=\"tt-item__content\">\n\t\t\t\t\t\t\t\t\t\tHay muchos clientes que no quieren revelar informaci\u00f3n, solo podemos decir algunos: Thyssenkrupp, Haski, STD, HL, Vistar...\n\t\t\t\t\t\t\t\t\t\t<\/div>\n\t\t\t\t\t\t\t\t\t<\/div>\n\t\t\t\t\t\t\t\t\t\t\t\t\t\t\t\t\t\t<\/div> \n\t\t\t\t\t\t\t<\/div>\n\n\t\t\t\t\t\t<\/div>\n\t\t\t\t\t<\/div>\n\t\t\t\t<\/div>\n\t\t\t\t\t\t<\/div>\n\t\t\t\t<\/div>\n\t\t\t\t\t<\/div>\n\t\t<\/div>\n\t\t\t\t\t<\/div>\n\t\t<\/section>\n\t\t\t\t<section class=\"elementor-section elementor-top-section elementor-element elementor-element-37e9243 elementor-section-stretched elementor-section-full_width elementor-section-height-default elementor-section-height-default\" data-id=\"37e9243\" data-element_type=\"section\" data-settings=\"{&quot;stretch_section&quot;:&quot;section-stretched&quot;}\">\n\t\t\t\t\t\t<div class=\"elementor-container elementor-column-gap-no\">\n\t\t\t\t\t<div class=\"elementor-column elementor-col-100 elementor-top-column elementor-element elementor-element-8cad441\" data-id=\"8cad441\" data-element_type=\"column\">\n\t\t\t<div class=\"elementor-widget-wrap elementor-element-populated\">\n\t\t\t\t\t\t<div class=\"elementor-element elementor-element-54d969d elementor-widget elementor-widget-electrician_contact_form\" data-id=\"54d969d\" data-element_type=\"widget\" data-widget_type=\"electrician_contact_form.default\">\n\t\t\t\t<div class=\"elementor-widget-container\">\n\t\t\t <div class=\"section-indent\">\n\t<div class=\"container container-md-fluid\">\n\t\t<div class=\"section-title max-width-01\">\n\t\t\t<div class=\"section-title__01\">Env\u00edanos sus preguntas a continuaci\u00f3n.<\/div>\n\t\t\t<div class=\"section-title__02\">Pregunte lo que quiera saber<\/div>\n\t\t\t\t\t<div class=\"section-title__03\">\n\t\t\t\u00bfSe siente desconcertado al buscar productos el\u00e9ctricos y una f\u00e1brica de confianza? No se preocupe, estamos aqu\u00ed para ayudarlo.\n\t\t\t<\/div>\n\t\t\t\t<\/div>\n\t\t<div class=\"row justify-content-center\">\n\t\t\t<div class=\"col-md-8\">\n\t\t\n<div class=\"wpcf7 no-js\" id=\"wpcf7-f2261-o1\" lang=\"en-US\" dir=\"ltr\">\n<div class=\"screen-reader-response\"><p role=\"status\" aria-live=\"polite\" aria-atomic=\"true\"><\/p> <ul><\/ul><\/div>\n<form action=\"\/es\/wp-json\/wp\/v2\/pages\/1500#wpcf7-f2261-o1\" method=\"post\" class=\"wpcf7-form init\" aria-label=\"Contact form\" novalidate=\"novalidate\" data-status=\"init\">\n<div style=\"display: none;\">\n<input type=\"hidden\" name=\"_wpcf7\" value=\"2261\" \/>\n<input type=\"hidden\" name=\"_wpcf7_version\" value=\"5.9.8\" \/>\n<input type=\"hidden\" name=\"_wpcf7_locale\" value=\"en_US\" \/>\n<input type=\"hidden\" name=\"_wpcf7_unit_tag\" value=\"wpcf7-f2261-o1\" \/>\n<input type=\"hidden\" name=\"_wpcf7_container_post\" value=\"0\" \/>\n<input type=\"hidden\" name=\"_wpcf7_posted_data_hash\" value=\"\" \/>\n<input type=\"hidden\" name=\"_wpcf7_recaptcha_response\" value=\"\" \/>\n<\/div>\n<div class=\"form-default\">\n\t<div class=\"form-group\">\n\t\t<p><span class=\"wpcf7-form-control-wrap\" data-name=\"your-name\"><input size=\"40\" maxlength=\"400\" class=\"wpcf7-form-control wpcf7-text wpcf7-validates-as-required form-control\" aria-required=\"true\" aria-invalid=\"false\" placeholder=\"Tu Nombre *\" value=\"\" type=\"text\" name=\"your-name\" \/><\/span>\n\t\t<\/p>\n\t<\/div>\n\t<div class=\"row\">\n\t\t<div class=\"col-md-6\">\n\t\t\t<div class=\"form-group\">\n\t\t\t\t<p><span class=\"wpcf7-form-control-wrap\" data-name=\"your-email\"><input size=\"40\" maxlength=\"400\" class=\"wpcf7-form-control wpcf7-email wpcf7-validates-as-required wpcf7-text wpcf7-validates-as-email form-control\" aria-required=\"true\" aria-invalid=\"false\" placeholder=\"Su direcci\u00f3n de correo electr\u00f3nico *\" value=\"\" type=\"email\" name=\"your-email\" \/><\/span>\n\t\t\t\t<\/p>\n\t\t\t<\/div>\n\t\t<\/div>\n\t\t<div class=\"col-md-6\">\n\t\t\t<div class=\"form-group\">\n\t\t\t\t<p><span class=\"wpcf7-form-control-wrap\" data-name=\"your-phone\"><input size=\"40\" maxlength=\"400\" class=\"wpcf7-form-control wpcf7-text wpcf7-validates-as-required form-control\" aria-required=\"true\" aria-invalid=\"false\" placeholder=\"Su n\u00famero de tel\u00e9fono\" value=\"\" type=\"text\" name=\"your-phone\" \/><\/span>\n\t\t\t\t<\/p>\n\t\t\t<\/div>\n\t\t<\/div>\n\t<\/div>\n\t<div class=\"form-group\">\n\t\t<p><span class=\"wpcf7-form-control-wrap\" data-name=\"your-message\"><textarea cols=\"40\" rows=\"4\" maxlength=\"2000\" class=\"wpcf7-form-control wpcf7-textarea form-control\" aria-invalid=\"false\" placeholder=\"Pregunta en Detalle *\" name=\"your-message\"><\/textarea><\/span>\n\t\t<\/p>\n\t<\/div>\n\t<div class=\"form-group\">\n\t\t<div class=\"tt-notes text-center\">\n\t\t\t<p>Tus preguntas constructivas y sugerencias ser\u00e1n consideradas cuidadosamente y adoptadas.\n\t\t\t<\/p>\n\t\t<\/div>\n\t<\/div>\n\t<div class=\"form-group text-center\">\n\t\t<p><button class=\"tt-btn btn__color01 wpcf7-form-control wpcf7-submit\" type=\"submit\"><span class=\"icon-lightning\"><\/span>Haz tu pregunta<\/button>\n\t\t<\/p>\n\t<\/div>\n<\/div>\n<p><script>\ndocument.addEventListener( 'wpcf7mailsent', function( event ) \n{ location = 'https:\/\/www.tongou.com\/thank-you\/'; }, \nfalse );\n<\/script>\n<\/p><div class=\"wpcf7-response-output\" aria-hidden=\"true\"><\/div>\n<\/form>\n<\/div>\n\t\t\t<\/div>\n\t\t<\/div>\n\t<\/div>\n<\/div> \n\t\t\t\t<\/div>\n\t\t\t\t<\/div>\n\t\t\t\t\t<\/div>\n\t\t<\/div>\n\t\t\t\t\t<\/div>\n\t\t<\/section>\n\t\t\t\t<\/div>\n\t\t","protected":false},"excerpt":{"rendered":"<p>Sus Preguntas. Nuestras Respuestas. Aqu\u00ed encontrar\u00e1 respuestas a todas sus preguntas m\u00e1s comunes relacionadas con los Servicios El\u00e9ctricos. \u00bfTienen agentes o sucursales en mi pa\u00eds? En la actualidad, estamos enviando productos directamente desde las f\u00e1bricas chinas a los clientes, ahorrando muchos costos de intermediarios. En el futuro, las empresas o agentes extranjeras tambi\u00e9n ser\u00e1n operadas [&hellip;]<\/p>\n","protected":false},"author":1,"featured_media":0,"parent":0,"menu_order":0,"comment_status":"closed","ping_status":"closed","template":"elementor_header_footer","meta":{"_joinchat":[],"footnotes":"","_links_to":"","_links_to_target":""},"class_list":["post-1500","page","type-page","status-publish","hentry"],"acf":[],"_links":{"self":[{"href":"https:\/\/www.tongou.com\/es\/wp-json\/wp\/v2\/pages\/1500","targetHints":{"allow":["GET"]}}],"collection":[{"href":"https:\/\/www.tongou.com\/es\/wp-json\/wp\/v2\/pages"}],"about":[{"href":"https:\/\/www.tongou.com\/es\/wp-json\/wp\/v2\/types\/page"}],"author":[{"embeddable":true,"href":"https:\/\/www.tongou.com\/es\/wp-json\/wp\/v2\/users\/1"}],"replies":[{"embeddable":true,"href":"https:\/\/www.tongou.com\/es\/wp-json\/wp\/v2\/comments?post=1500"}],"version-history":[{"count":0,"href":"https:\/\/www.tongou.com\/es\/wp-json\/wp\/v2\/pages\/1500\/revisions"}],"wp:attachment":[{"href":"https:\/\/www.tongou.com\/es\/wp-json\/wp\/v2\/media?parent=1500"}],"curies":[{"name":"wp","href":"https:\/\/api.w.org\/{rel}","templated":true}]}}