{"id":13483,"date":"2022-06-20T14:59:20","date_gmt":"2022-06-20T13:59:20","guid":{"rendered":"https:\/\/elcb.net\/?page_id=13483"},"modified":"2024-08-07T04:29:56","modified_gmt":"2024-08-07T03:29:56","slug":"import-duty-free-2","status":"publish","type":"page","link":"https:\/\/www.tongou.com\/es\/import-duty-free-2\/","title":{"rendered":"Libre de impuestos de importaci\u00f3n"},"content":{"rendered":"\t\t<div data-elementor-type=\"wp-page\" data-elementor-id=\"13483\" class=\"elementor elementor-13483\">\n\t\t\t\t\t\t<section class=\"elementor-section elementor-top-section elementor-element elementor-element-a7a72d0 elementor-section-boxed elementor-section-height-default elementor-section-height-default\" data-id=\"a7a72d0\" data-element_type=\"section\">\n\t\t\t\t\t\t<div class=\"elementor-container elementor-column-gap-default\">\n\t\t\t\t\t<div class=\"elementor-column elementor-col-100 elementor-top-column elementor-element elementor-element-1646a2c\" data-id=\"1646a2c\" data-element_type=\"column\">\n\t\t\t<div class=\"elementor-widget-wrap elementor-element-populated\">\n\t\t\t\t\t\t<div class=\"elementor-element elementor-element-d9c456d elementor-widget__width-inherit elementor-widget elementor-widget-image\" data-id=\"d9c456d\" data-element_type=\"widget\" data-widget_type=\"image.default\">\n\t\t\t\t<div class=\"elementor-widget-container\">\n\t\t\t<style>\/*! elementor - v3.23.0 - 05-08-2024 *\/\n.elementor-widget-image{text-align:center}.elementor-widget-image a{display:inline-block}.elementor-widget-image a img[src$=\".svg\"]{width:48px}.elementor-widget-image img{vertical-align:middle;display:inline-block}<\/style>\t\t\t\t\t\t\t\t\t\t<img fetchpriority=\"high\" decoding=\"async\" width=\"640\" height=\"991\" src=\"https:\/\/www.tongou.com\/es\/wp-content\/uploads\/2021\/08\/FORM-E-CERTIFICATE1-scaled-661x1024.jpg\" class=\"attachment-large size-large wp-image-11251\" alt=\"Duty-Free\" srcset=\"https:\/\/www.tongou.com\/es\/wp-content\/uploads\/2021\/08\/FORM-E-CERTIFICATE1-scaled-661x1024.jpg 661w, https:\/\/www.tongou.com\/es\/wp-content\/uploads\/2021\/08\/FORM-E-CERTIFICATE1-scaled-194x300.jpg 194w, https:\/\/www.tongou.com\/es\/wp-content\/uploads\/2021\/08\/FORM-E-CERTIFICATE1-scaled-768x1189.jpg 768w, https:\/\/www.tongou.com\/es\/wp-content\/uploads\/2021\/08\/FORM-E-CERTIFICATE1-scaled-992x1536.jpg 992w, https:\/\/www.tongou.com\/es\/wp-content\/uploads\/2021\/08\/FORM-E-CERTIFICATE1-scaled-317x491.jpg 317w, https:\/\/www.tongou.com\/es\/wp-content\/uploads\/2021\/08\/FORM-E-CERTIFICATE1-scaled-600x929.jpg 600w, https:\/\/www.tongou.com\/es\/wp-content\/uploads\/2021\/08\/FORM-E-CERTIFICATE1-scaled.jpg 1240w\" sizes=\"(max-width: 640px) 100vw, 640px\" \/>\t\t\t\t\t\t\t\t\t\t\t\t\t<\/div>\n\t\t\t\t<\/div>\n\t\t\t\t<div class=\"elementor-element elementor-element-7c9826c elementor-widget elementor-widget-text-editor\" data-id=\"7c9826c\" data-element_type=\"widget\" data-widget_type=\"text-editor.default\">\n\t\t\t\t<div class=\"elementor-widget-container\">\n\t\t\t<style>\/*! elementor - v3.23.0 - 05-08-2024 *\/\n.elementor-widget-text-editor.elementor-drop-cap-view-stacked .elementor-drop-cap{background-color:#69727d;color:#fff}.elementor-widget-text-editor.elementor-drop-cap-view-framed .elementor-drop-cap{color:#69727d;border:3px solid;background-color:transparent}.elementor-widget-text-editor:not(.elementor-drop-cap-view-default) .elementor-drop-cap{margin-top:8px}.elementor-widget-text-editor:not(.elementor-drop-cap-view-default) .elementor-drop-cap-letter{width:1em;height:1em}.elementor-widget-text-editor .elementor-drop-cap{float:left;text-align:center;line-height:1;font-size:50px}.elementor-widget-text-editor .elementor-drop-cap-letter{display:inline-block}<\/style>\t\t\t\t<p>\u00c1rea de Libre Comercio China \u2013 ASEAN Certificado de Origen Preferencial (Formulario E)<\/p><p>Significa que el comprador recibir\u00e1 un trato preferencial de reducci\u00f3n arancelaria del 50-100%, de 10 pa\u00edses, Vietnam, Tailandia, Indonesia, Laos, Malasia, Myanmar, Filipinas, Singapur, Camboya y Brunei.<br \/>Tongou Electrical presta atenci\u00f3n a la pol\u00edtica preferencial, apoyando el mejor servicio a nuestros socios cooperativos.<\/p>\t\t\t\t\t\t<\/div>\n\t\t\t\t<\/div>\n\t\t\t\t\t<\/div>\n\t\t<\/div>\n\t\t\t\t\t<\/div>\n\t\t<\/section>\n\t\t\t\t<\/div>\n\t\t","protected":false},"excerpt":{"rendered":"<p>\u00c1rea de Libre Comercio China \u2013 ASEAN Certificado de Origen Preferencial (Formulario E) Significa que el comprador recibir\u00e1 un trato preferencial de reducci\u00f3n arancelaria del 50-100%, de 10 pa\u00edses, Vietnam, Tailandia, Indonesia, Laos, Malasia, Myanmar, Filipinas, Singapur, Camboya y Brunei.Tongou Electrical presta atenci\u00f3n a la pol\u00edtica preferencial, apoyando el mejor servicio a nuestros socios cooperativos.<\/p>\n","protected":false},"author":1,"featured_media":0,"parent":0,"menu_order":0,"comment_status":"closed","ping_status":"closed","template":"","meta":{"_joinchat":[],"footnotes":"","_links_to":"","_links_to_target":""},"class_list":["post-13483","page","type-page","status-publish","hentry"],"acf":[],"_links":{"self":[{"href":"https:\/\/www.tongou.com\/es\/wp-json\/wp\/v2\/pages\/13483","targetHints":{"allow":["GET"]}}],"collection":[{"href":"https:\/\/www.tongou.com\/es\/wp-json\/wp\/v2\/pages"}],"about":[{"href":"https:\/\/www.tongou.com\/es\/wp-json\/wp\/v2\/types\/page"}],"author":[{"embeddable":true,"href":"https:\/\/www.tongou.com\/es\/wp-json\/wp\/v2\/users\/1"}],"replies":[{"embeddable":true,"href":"https:\/\/www.tongou.com\/es\/wp-json\/wp\/v2\/comments?post=13483"}],"version-history":[{"count":0,"href":"https:\/\/www.tongou.com\/es\/wp-json\/wp\/v2\/pages\/13483\/revisions"}],"wp:attachment":[{"href":"https:\/\/www.tongou.com\/es\/wp-json\/wp\/v2\/media?parent=13483"}],"curies":[{"name":"wp","href":"https:\/\/api.w.org\/{rel}","templated":true}]}}