{"id":16305,"date":"2023-03-01T05:47:49","date_gmt":"2023-03-01T05:47:49","guid":{"rendered":"https:\/\/elcb.net\/?post_type=product&#038;p=16305"},"modified":"2024-12-05T03:36:28","modified_gmt":"2024-12-05T03:36:28","slug":"tuya-zigbee-din-schiene-smart-schutzschalter-mit-messung-to-q-sy1-jzt","status":"publish","type":"product","link":"https:\/\/www.tongou.com\/de\/product\/tuya-zigbee-din-schiene-smart-schutzschalter-mit-messung-to-q-sy1-jzt\/","title":{"rendered":"TUYA DIN-Schiene Smart Zigbee Schalter mit Messung TO-Q-SY1-JZT"},"content":{"rendered":"\t\t<div data-elementor-type=\"product-post\" data-elementor-id=\"16305\" class=\"elementor elementor-16305\">\n\t\t\t\t\t\t<section class=\"elementor-section elementor-top-section elementor-element elementor-element-96d8662 elementor-section-boxed elementor-section-height-default elementor-section-height-default\" data-id=\"96d8662\" data-element_type=\"section\">\n\t\t\t\t\t\t<div class=\"elementor-container elementor-column-gap-default\">\n\t\t\t\t\t<div class=\"elementor-column elementor-col-100 elementor-top-column elementor-element elementor-element-b82ec1d\" data-id=\"b82ec1d\" data-element_type=\"column\">\n\t\t\t<div class=\"elementor-widget-wrap elementor-element-populated\">\n\t\t\t\t\t\t<div class=\"elementor-element elementor-element-cf62e5c elementor-tabs-view-horizontal elementor-widget elementor-widget-tabs\" data-id=\"cf62e5c\" data-element_type=\"widget\" data-widget_type=\"tabs.default\">\n\t\t\t\t<div class=\"elementor-widget-container\">\n\t\t\t\t\t<div class=\"elementor-tabs\">\n\t\t\t<div class=\"elementor-tabs-wrapper\" role=\"tablist\" >\n\t\t\t\t\t\t\t\t\t<div id=\"elementor-tab-title-2171\" class=\"elementor-tab-title elementor-tab-desktop-title\" aria-selected=\"true\" data-tab=\"1\" role=\"tab\" tabindex=\"0\" aria-controls=\"elementor-tab-content-2171\" aria-expanded=\"false\">Allgemein<\/div>\n\t\t\t\t\t\t\t\t\t<div id=\"elementor-tab-title-2172\" class=\"elementor-tab-title elementor-tab-desktop-title\" aria-selected=\"false\" data-tab=\"2\" role=\"tab\" tabindex=\"-1\" aria-controls=\"elementor-tab-content-2172\" aria-expanded=\"false\">Technische Daten<\/div>\n\t\t\t\t\t\t\t\t\t<div id=\"elementor-tab-title-2173\" class=\"elementor-tab-title elementor-tab-desktop-title\" aria-selected=\"false\" data-tab=\"3\" role=\"tab\" tabindex=\"-1\" aria-controls=\"elementor-tab-content-2173\" aria-expanded=\"false\">Anfrage<\/div>\n\t\t\t\t\t\t\t<\/div>\n\t\t\t<div class=\"elementor-tabs-content-wrapper\" role=\"tablist\" aria-orientation=\"vertical\">\n\t\t\t\t\t\t\t\t\t<div class=\"elementor-tab-title elementor-tab-mobile-title\" aria-selected=\"true\" data-tab=\"1\" role=\"tab\" tabindex=\"0\" aria-controls=\"elementor-tab-content-2171\" aria-expanded=\"false\">Allgemein<\/div>\n\t\t\t\t\t<div id=\"elementor-tab-content-2171\" class=\"elementor-tab-content elementor-clearfix\" data-tab=\"1\" role=\"tabpanel\" aria-labelledby=\"elementor-tab-title-2171\" tabindex=\"0\" hidden=\"false\"><p>Dieses Smart Zigbee-Schalter-Produkt verwendet aufkommende ZigBee-Technologie und professionelle Fertigungsverfahren.<br \/>Jederzeit und von \u00fcberall aus ferngesteuert durch die TUYA \/ Smart Life App auf Mobilger\u00e4ten, ohne Entfernungsbegrenzung.<br \/>Zeitplan\/Timing, Countdown, Zyklus-Timing<br \/>Sprachsteuerung durch Amazon Alexa Echo Dot \/ Google Assistant<\/p><p>Arbeitsspannung: AC90-280V, 50\/60Hz<br \/>Stromart: 63A<br \/>Unterst\u00fctzte Systeme: Android\/iOS<\/p><\/div>\n\t\t\t\t\t\t\t\t\t<div class=\"elementor-tab-title elementor-tab-mobile-title\" aria-selected=\"false\" data-tab=\"2\" role=\"tab\" tabindex=\"-1\" aria-controls=\"elementor-tab-content-2172\" aria-expanded=\"false\">Technische Daten<\/div>\n\t\t\t\t\t<div id=\"elementor-tab-content-2172\" class=\"elementor-tab-content elementor-clearfix\" data-tab=\"2\" role=\"tabpanel\" aria-labelledby=\"elementor-tab-title-2172\" tabindex=\"0\" hidden=\"hidden\"><table style=\"width: 100%; height: 245px;\" width=\"100%\"><tbody><tr><td style=\"text-align: center; width: 54.4747%;\" colspan=\"2\"><span style=\"color: #000000;\"><strong>TUYA DIN-Schiene Smart Zigbee Schalter mit Messung TO-Q-SY1-JZT<\/strong><\/span><\/td><\/tr><tr style=\"height: 22px;\"><td style=\"height: 22px; text-align: center; width: 54.4747%;\" width=\"379\">Produkt- oder Komponentenart<\/td><td style=\"height: 22px; text-align: center; width: 43.1907%;\" width=\"388\">DIN-Schiene WiFi Smart Relaisschalter<\/td><\/tr><tr style=\"height: 22px;\"><td style=\"height: 22px; text-align: center; width: 54.4747%;\">Polenbeschreibung<\/td><td style=\"height: 22px; text-align: center; width: 43.1907%;\">1P+N<\/td><\/tr><tr style=\"height: 45px;\"><td style=\"height: 45px; text-align: center; width: 54.4747%;\">Funktion<\/td><td style=\"height: 45px; text-align: center; width: 43.1907%;\">Timing, Countdown, Schleifentimer, Messung<\/td><\/tr><tr style=\"height: 45px;\"><td style=\"height: 45px; text-align: center; width: 54.4747%;\">Nennstrom (In)<\/td><td style=\"height: 45px; text-align: center; width: 43.1907%;\">1A, 2A, 3A, 4A, 5A, 6A, 16A, 20A, 25A, 32A, 40A, 50A, 63A<\/td><\/tr><tr style=\"height: 22px;\"><td style=\"height: 22px; text-align: center; width: 54.4747%;\">Betriebspannungsbereich<\/td><td style=\"height: 22px; text-align: center; width: 43.1907%;\">AC 90V &#8211; 280V<\/td><\/tr><tr style=\"height: 22px;\"><td style=\"height: 22px; text-align: center; width: 54.4747%;\">Nennfrequenz<\/td><td style=\"height: 22px; text-align: center; width: 43.1907%;\">50Hz\/60Hz<\/td><\/tr><tr style=\"height: 23px;\"><td style=\"height: 23px; text-align: center; width: 54.4747%;\">Steuerungstyp<\/td><td style=\"height: 23px; text-align: center; width: 43.1907%;\">Fern, Manuell<\/td><\/tr><tr style=\"height: 22px;\"><td style=\"height: 22px; text-align: center; width: 54.4747%;\">Kommunikationsprotokoll<\/td><td style=\"height: 22px; text-align: center; width: 43.1907%;\">ZigBee<\/td><\/tr><tr style=\"height: 22px;\"><td style=\"height: 22px; text-align: center; width: 54.4747%;\">Unterst\u00fctzte Betriebssysteme<\/td><td style=\"height: 22px; text-align: center; width: 43.1907%;\">Android, iOS, HarmonyOS<\/td><\/tr><tr><td style=\"text-align: center; width: 54.4747%;\">Betriebssprache<\/td><td style=\"text-align: center; width: 43.1907%;\">Chinesisch, Englisch<\/td><\/tr><tr><td style=\"text-align: center; width: 54.4747%;\">App-Sprache<\/td><td style=\"text-align: center; width: 43.1907%;\">Folgt der Betriebssystemsprache<\/td><\/tr><tr><td style=\"text-align: center; width: 54.4747%;\">Sprachunterst\u00fctzung<\/td><td style=\"text-align: center; width: 43.1907%;\">Amazon Alexa, Yandex Alice<\/td><\/tr><\/tbody><\/table><\/div>\n\t\t\t\t\t\t\t\t\t<div class=\"elementor-tab-title elementor-tab-mobile-title\" aria-selected=\"false\" data-tab=\"3\" role=\"tab\" tabindex=\"-1\" aria-controls=\"elementor-tab-content-2173\" aria-expanded=\"false\">Anfrage<\/div>\n\t\t\t\t\t<div id=\"elementor-tab-content-2173\" class=\"elementor-tab-content elementor-clearfix\" data-tab=\"3\" role=\"tabpanel\" aria-labelledby=\"elementor-tab-title-2173\" tabindex=\"0\" hidden=\"hidden\"><div class=\"wpcf7 no-js\" id=\"wpcf7-f2459-o1\" lang=\"en-US\" dir=\"ltr\">\n<div class=\"screen-reader-response\"><p role=\"status\" aria-live=\"polite\" aria-atomic=\"true\"><\/p> <ul><\/ul><\/div>\n<form action=\"\/de\/wp-json\/wp\/v2\/product\/16305#wpcf7-f2459-o1\" method=\"post\" class=\"wpcf7-form init\" aria-label=\"Contact form\" novalidate=\"novalidate\" data-status=\"init\">\n<div style=\"display: none;\">\n<input type=\"hidden\" name=\"_wpcf7\" value=\"2459\" \/>\n<input type=\"hidden\" name=\"_wpcf7_version\" value=\"5.9.8\" \/>\n<input type=\"hidden\" name=\"_wpcf7_locale\" value=\"en_US\" \/>\n<input type=\"hidden\" name=\"_wpcf7_unit_tag\" value=\"wpcf7-f2459-o1\" \/>\n<input type=\"hidden\" name=\"_wpcf7_container_post\" value=\"0\" \/>\n<input type=\"hidden\" name=\"_wpcf7_posted_data_hash\" value=\"\" \/>\n<input type=\"hidden\" name=\"_wpcf7_recaptcha_response\" value=\"\" \/>\n<\/div>\n<div class=\"form-modal\">\n\t<div class=\"form-group\">\n\t\t<p><span class=\"wpcf7-form-control-wrap\" data-name=\"your-name\"><input size=\"40\" maxlength=\"400\" class=\"wpcf7-form-control wpcf7-text wpcf7-validates-as-required form-control\" aria-required=\"true\" aria-invalid=\"false\" placeholder=\"Dein sch\u00f6ner Name *\" value=\"\" type=\"text\" name=\"your-name\" \/><\/span>\n\t\t<\/p>\n\t<\/div>\n\t<div class=\"row\">\n\t\t<div class=\"col-md-6\">\n\t\t\t<div class=\"form-group\">\n\t\t\t\t<p><span class=\"wpcf7-form-control-wrap\" data-name=\"your-email\"><input size=\"40\" maxlength=\"400\" class=\"wpcf7-form-control wpcf7-email wpcf7-validates-as-required wpcf7-text wpcf7-validates-as-email form-control\" aria-required=\"true\" aria-invalid=\"false\" placeholder=\"Deine E-Mail-Adresse *\" value=\"\" type=\"email\" name=\"your-email\" \/><\/span>\n\t\t\t\t<\/p>\n\t\t\t<\/div>\n\t\t<\/div>\n\t\t<div class=\"col-md-6\">\n\t\t\t<div class=\"form-group\">\n\t\t\t\t<p><span class=\"wpcf7-form-control-wrap\" data-name=\"your-phone\"><input size=\"40\" maxlength=\"400\" class=\"wpcf7-form-control wpcf7-text form-control\" aria-invalid=\"false\" placeholder=\"Deine Telefonnummer\" value=\"\" type=\"text\" name=\"your-phone\" \/><\/span>\n\t\t\t\t<\/p>\n\t\t\t<\/div>\n\t\t<\/div>\n\t<\/div>\n\t<div class=\"form-group\">\n\t\t<p><span class=\"wpcf7-form-control-wrap\" data-name=\"your-country\"><select class=\"wpcf7-form-control wpcf7-select wpcf7-validates-as-required form-control\" aria-required=\"true\" aria-invalid=\"false\" name=\"your-country\"><option value=\"Bitte w\u00e4hle dein Land *\">Bitte w\u00e4hle dein Land *<\/option><option value=\"Afghanistan\">Afghanistan<\/option><option value=\"Albania\">Albania<\/option><option value=\"Algeria\">Algeria<\/option><option value=\"American Samoa\">American Samoa<\/option><option value=\"Andorra\">Andorra<\/option><option value=\"Angola\">Angola<\/option><option value=\"Anguilla\">Anguilla<\/option><option value=\"Antigua and Barbuda\">Antigua and Barbuda<\/option><option value=\"Argentina\">Argentina<\/option><option value=\"Armenia\">Armenia<\/option><option value=\"Armenia\">Armenia<\/option><option value=\"Aruba\">Aruba<\/option><option value=\"Australia\">Australia<\/option><option value=\"Austria\">Austria<\/option><option value=\"Azerbaijan\">Azerbaijan<\/option><option value=\"Azerbaijan\">Azerbaijan<\/option><option value=\"Bahamas\">Bahamas<\/option><option value=\"Bahrain\">Bahrain<\/option><option value=\"Bangladesh\">Bangladesh<\/option><option value=\"Barbados\">Barbados<\/option><option value=\"Belarus\">Belarus<\/option><option value=\"Belgium\">Belgium<\/option><option value=\"Belize\">Belize<\/option><option value=\"Benin\">Benin<\/option><option value=\"Bermuda\">Bermuda<\/option><option value=\"Bhutan\">Bhutan<\/option><option value=\"Bolivia\">Bolivia<\/option><option value=\"Bonaire\">Bonaire<\/option><option value=\"Bosnia and Herzegovina\">Bosnia and Herzegovina<\/option><option value=\"Botswana\">Botswana<\/option><option value=\"Bouvet Island (Bouvetoya)\">Bouvet Island (Bouvetoya)<\/option><option value=\"Brazil\">Brazil<\/option><option value=\"British Indian Ocean Territory (Chagos Archipelago)\">British Indian Ocean Territory (Chagos Archipelago)<\/option><option value=\"British Virgin Islands\">British Virgin Islands<\/option><option value=\"Brunei Darussalam\">Brunei Darussalam<\/option><option value=\"Bulgaria\">Bulgaria<\/option><option value=\"Burkina Faso\">Burkina Faso<\/option><option value=\"Burundi\">Burundi<\/option><option value=\"Cambodia\">Cambodia<\/option><option value=\"Cameroon\">Cameroon<\/option><option value=\"Cape Verde\">Cape Verde<\/option><option value=\"Cayman Islands\">Cayman Islands<\/option><option value=\"Central African Republic\">Central African Republic<\/option><option value=\"Canada\">Canada<\/option><option value=\"Chad\">Chad<\/option><option value=\"Chile\">Chile<\/option><option value=\"China\">China<\/option><option value=\"Christmas Island\">Christmas Island<\/option><option value=\"Cocos (Keeling) Islands\">Cocos (Keeling) Islands<\/option><option value=\"Colombia\">Colombia<\/option><option value=\"Comoros\">Comoros<\/option><option value=\"Congo\">Congo<\/option><option value=\"Congo\">Congo<\/option><option value=\"Cook Islands\">Cook Islands<\/option><option value=\"Costa Rica\">Costa Rica<\/option><option value=\"Cote d&#039;Ivoire\">Cote d&#039;Ivoire<\/option><option value=\"Croatia\">Croatia<\/option><option value=\"Cuba\">Cuba<\/option><option value=\"Cura\u00e7ao\">Cura\u00e7ao<\/option><option value=\"Cyprus\">Cyprus<\/option><option value=\"Cyprus\">Cyprus<\/option><option value=\"Czech Republic\">Czech Republic<\/option><option value=\"Denmark\">Denmark<\/option><option value=\"Djibouti\">Djibouti<\/option><option value=\"Dominica\">Dominica<\/option><option value=\"Dominican Republic\">Dominican Republic<\/option><option value=\"Ecuador\">Ecuador<\/option><option value=\"Egypt\">Egypt<\/option><option value=\"El Salvador\">El Salvador<\/option><option value=\"Equatorial Guinea\">Equatorial Guinea<\/option><option value=\"Eritrea\">Eritrea<\/option><option value=\"Estonia\">Estonia<\/option><option value=\"Ethiopia\">Ethiopia<\/option><option value=\"Falkland Islands (Malvinas)\">Falkland Islands (Malvinas)<\/option><option value=\"Faroe Islands\">Faroe Islands<\/option><option value=\"Fiji\">Fiji<\/option><option value=\"Finland\">Finland<\/option><option value=\"France\">France<\/option><option value=\"French Guiana\">French Guiana<\/option><option value=\"French Polynesia\">French Polynesia<\/option><option value=\"French Southern Territories\">French Southern Territories<\/option><option value=\"Gabon\">Gabon<\/option><option value=\"Gambia\">Gambia<\/option><option value=\"Georgia\">Georgia<\/option><option value=\"Georgia\">Georgia<\/option><option value=\"Germany\">Germany<\/option><option value=\"Ghana\">Ghana<\/option><option value=\"Gibraltar\">Gibraltar<\/option><option value=\"Greece\">Greece<\/option><option value=\"Greenland\">Greenland<\/option><option value=\"Grenada\">Grenada<\/option><option value=\"Guadeloupe\">Guadeloupe<\/option><option value=\"Guam\">Guam<\/option><option value=\"Guatemala\">Guatemala<\/option><option value=\"Guernsey\">Guernsey<\/option><option value=\"Guinea\">Guinea<\/option><option value=\"Guinea-Bissau\">Guinea-Bissau<\/option><option value=\"Guyana\">Guyana<\/option><option value=\"Haiti\">Haiti<\/option><option value=\"Heard Island and McDonald Islands\">Heard Island and McDonald Islands<\/option><option value=\"Holy See (Vatican City State)\">Holy See (Vatican City State)<\/option><option value=\"Honduras\">Honduras<\/option><option value=\"Hong Kong\">Hong Kong<\/option><option value=\"Hungary\">Hungary<\/option><option value=\"Iceland\">Iceland<\/option><option value=\"India\">India<\/option><option value=\"Indonesia\">Indonesia<\/option><option value=\"Iran\">Iran<\/option><option value=\"Iraq\">Iraq<\/option><option value=\"Ireland\">Ireland<\/option><option value=\"Isle of Man\">Isle of Man<\/option><option value=\"Israel\">Israel<\/option><option value=\"Italy\">Italy<\/option><option value=\"Jamaica\">Jamaica<\/option><option value=\"Japan\">Japan<\/option><option value=\"Jersey\">Jersey<\/option><option value=\"Jordan\">Jordan<\/option><option value=\"Kazakhstan\">Kazakhstan<\/option><option value=\"Kazakhstan\">Kazakhstan<\/option><option value=\"Kenya\">Kenya<\/option><option value=\"Kiribati\">Kiribati<\/option><option value=\"Korea\">Korea<\/option><option value=\"Korea\">Korea<\/option><option value=\"Kuwait\">Kuwait<\/option><option value=\"Kyrgyz Republic\">Kyrgyz Republic<\/option><option value=\"Lao People&#039;s Democratic Republic\">Lao People&#039;s Democratic Republic<\/option><option value=\"Latvia\">Latvia<\/option><option value=\"Lebanon\">Lebanon<\/option><option value=\"Lesotho\">Lesotho<\/option><option value=\"Liberia\">Liberia<\/option><option value=\"Libyan Arab Jamahiriya\">Libyan Arab Jamahiriya<\/option><option value=\"Liechtenstein\">Liechtenstein<\/option><option value=\"Lithuania\">Lithuania<\/option><option value=\"Luxembourg\">Luxembourg<\/option><option value=\"Macao\">Macao<\/option><option value=\"Mexico\">Mexico<\/option><option value=\"Macedonia\">Macedonia<\/option><option value=\"Madagascar\">Madagascar<\/option><option value=\"Malawi\">Malawi<\/option><option value=\"Malaysia\">Malaysia<\/option><option value=\"Maldives\">Maldives<\/option><option value=\"Mali\">Mali<\/option><option value=\"Malta\">Malta<\/option><option value=\"Marshall Islands\">Marshall Islands<\/option><option value=\"Martinique\">Martinique<\/option><option value=\"Mauritania\">Mauritania<\/option><option value=\"Mauritius\">Mauritius<\/option><option value=\"Mayotte\">Mayotte<\/option><option value=\"Micronesia\">Micronesia<\/option><option value=\"Moldova\">Moldova<\/option><option value=\"Monaco\">Monaco<\/option><option value=\"Mongolia\">Mongolia<\/option><option value=\"Montenegro\">Montenegro<\/option><option value=\"Montserrat\">Montserrat<\/option><option value=\"Morocco\">Morocco<\/option><option value=\"Mozambique\">Mozambique<\/option><option value=\"Myanmar\">Myanmar<\/option><option value=\"Namibia\">Namibia<\/option><option value=\"Nauru\">Nauru<\/option><option value=\"Nepal\">Nepal<\/option><option value=\"Netherlands\">Netherlands<\/option><option value=\"Netherlands Antilles\">Netherlands Antilles<\/option><option value=\"New Caledonia\">New Caledonia<\/option><option value=\"New Zealand\">New Zealand<\/option><option value=\"Nicaragua\">Nicaragua<\/option><option value=\"Niger\">Niger<\/option><option value=\"Nigeria\">Nigeria<\/option><option value=\"Niue\">Niue<\/option><option value=\"Norfolk Island\">Norfolk Island<\/option><option value=\"Northern Mariana Islands\">Northern Mariana Islands<\/option><option value=\"Norway\">Norway<\/option><option value=\"Oman\">Oman<\/option><option value=\"Pakistan\">Pakistan<\/option><option value=\"Palau\">Palau<\/option><option value=\"Palestinian Territory\">Palestinian Territory<\/option><option value=\"Panama\">Panama<\/option><option value=\"Papua New Guinea\">Papua New Guinea<\/option><option value=\"Paraguay\">Paraguay<\/option><option value=\"Peru\">Peru<\/option><option value=\"Philippines\">Philippines<\/option><option value=\"Pitcairn Islands\">Pitcairn Islands<\/option><option value=\"Poland\">Poland<\/option><option value=\"Portugal\">Portugal<\/option><option value=\"Puerto Rico\">Puerto Rico<\/option><option value=\"Qatar\">Qatar<\/option><option value=\"Reunion\">Reunion<\/option><option value=\"Romania\">Romania<\/option><option value=\"Russian Federation\">Russian Federation<\/option><option value=\"Rwanda\">Rwanda<\/option><option value=\"Saint Barthelemy\">Saint Barthelemy<\/option><option value=\"Saint Helena\">Saint Helena<\/option><option value=\"Saint Kitts and Nevis\">Saint Kitts and Nevis<\/option><option value=\"Saint Lucia\">Saint Lucia<\/option><option value=\"Saint Martin\">Saint Martin<\/option><option value=\"Saint Pierre and Miquelon\">Saint Pierre and Miquelon<\/option><option value=\"Saint Vincent and the Grenadines\">Saint Vincent and the Grenadines<\/option><option value=\"Samoa\">Samoa<\/option><option value=\"San Marino\">San Marino<\/option><option value=\"Sao Tome and Principe\">Sao Tome and Principe<\/option><option value=\"Saudi Arabia\">Saudi Arabia<\/option><option value=\"Senegal\">Senegal<\/option><option value=\"Serbia\">Serbia<\/option><option value=\"Seychelles\">Seychelles<\/option><option value=\"Sierra Leone\">Sierra Leone<\/option><option value=\"Singapore\">Singapore<\/option><option value=\"Sint Maarten (Netherlands)\">Sint Maarten (Netherlands)<\/option><option value=\"Slovakia (Slovak Republic)\">Slovakia (Slovak Republic)<\/option><option value=\"Slovenia\">Slovenia<\/option><option value=\"Solomon Islands\">Solomon Islands<\/option><option value=\"Somalia\">Somalia<\/option><option value=\"South Africa\">South Africa<\/option><option value=\"South Georgia and the South Sandwich Islands\">South Georgia and the South Sandwich Islands<\/option><option value=\"Spain\">Spain<\/option><option value=\"Sri Lanka\">Sri Lanka<\/option><option value=\"Sudan\">Sudan<\/option><option value=\"Suriname\">Suriname<\/option><option value=\"Svalbard &amp; Jan Mayen Islands\">Svalbard &amp; Jan Mayen Islands<\/option><option value=\"Swaziland\">Swaziland<\/option><option value=\"Sweden\">Sweden<\/option><option value=\"Switzerland\">Switzerland<\/option><option value=\"Syrian Arab Republic\">Syrian Arab Republic<\/option><option value=\"Taiwan\">Taiwan<\/option><option value=\"Tajikistan\">Tajikistan<\/option><option value=\"Tanzania\">Tanzania<\/option><option value=\"Thailand\">Thailand<\/option><option value=\"Timor-Leste\">Timor-Leste<\/option><option value=\"Togo\">Togo<\/option><option value=\"Tokelau\">Tokelau<\/option><option value=\"Tonga\">Tonga<\/option><option value=\"Trinidad and Tobago\">Trinidad and Tobago<\/option><option value=\"Tunisia\">Tunisia<\/option><option value=\"Turkey\">Turkey<\/option><option value=\"Turkey\">Turkey<\/option><option value=\"Turkmenistan\">Turkmenistan<\/option><option value=\"Turks and Caicos Islands\">Turks and Caicos Islands<\/option><option value=\"Tuvalu\">Tuvalu<\/option><option value=\"U.S. Virgin Islands\">U.S. Virgin Islands<\/option><option value=\"U.S. Minor Outlying Islands\">U.S. Minor Outlying Islands<\/option><option value=\"United States\">United States<\/option><option value=\"United Kingdom\">United Kingdom<\/option><option value=\"Uganda\">Uganda<\/option><option value=\"Ukraine\">Ukraine<\/option><option value=\"United Arab Emirates\">United Arab Emirates<\/option><option value=\"Uruguay\">Uruguay<\/option><option value=\"Uzbekistan\">Uzbekistan<\/option><option value=\"Vanuatu\">Vanuatu<\/option><option value=\"Venezuela\">Venezuela<\/option><option value=\"Vietnam\">Vietnam<\/option><option value=\"Wallis and Futuna\">Wallis and Futuna<\/option><option value=\"Western Sahara\">Western Sahara<\/option><option value=\"Yemen\">Yemen<\/option><option value=\"Zambia\">Zambia<\/option><option value=\"Zimbabwe\">Zimbabwe<\/option><\/select><\/span>\n\t\t<\/p>\n\t<\/div>\n\t<div class=\"form-group\">\n\t\t<p><span class=\"wpcf7-form-control-wrap\" data-name=\"your-message\"><textarea cols=\"40\" rows=\"10\" maxlength=\"2000\" class=\"wpcf7-form-control wpcf7-textarea wpcf7-validates-as-required form-control\" aria-required=\"true\" aria-invalid=\"false\" placeholder=\"Requirement In Detail *\" name=\"your-message\"><\/textarea><\/span>\n\t\t<\/p>\n\t<\/div>\n\t<div>\n\t\t<p><button type=\"submit\" class=\"wpcf7-form-control wpcf7-submit tt-btn btn__color01\"><span class=\"icon-lightning\"><\/span>Eine Nachricht senden<\/button>\n\t\t<\/p>\n\t<\/div>\n<\/div>\n<p><script>\ndocument.addEventListener( 'wpcf7mailsent', function( event ) \n{ location = 'https:\/\/www.tongou.com\/de\/danke\/'; }, \nfalse );\n<\/script>\n<\/p><div class=\"wpcf7-response-output\" aria-hidden=\"true\"><\/div>\n<\/form>\n<\/div><\/div>\n\t\t\t\t\t\t\t<\/div>\n\t\t<\/div>\n\t\t\t\t<\/div>\n\t\t\t\t<\/div>\n\t\t\t\t\t<\/div>\n\t\t<\/div>\n\t\t\t\t\t<\/div>\n\t\t<\/section>\n\t\t\t\t<\/div>\n\t\t","protected":false},"excerpt":{"rendered":"<p>TO-Q-SY1-JZT DIN-Schiene Smart Zigbee Schalter repr\u00e4sentiert den n\u00e4chsten Schritt in Hausautomation und industriellen Steuerungssystemen. In eine standardisierte DIN-Schiene eingebaut, die in elektrischen Geh\u00e4usen \u00fcblich ist, integriert dieser Schalter nahtlos in bestehende elektrische Systeme. Mit der Kraft von Zigbee, einem energieeffizienten, zuverl\u00e4ssigen drahtlosen Kommunikationsprotokoll, erm\u00f6glicht dieser Schalter es Benutzern, Ger\u00e4te ferngesteuert zu steuern und zu \u00fcberwachen. Ob es darum geht, Lichter einzuschalten, Maschinen zu steuern oder Energieverbrauch zu verwalten, der DIN-Schiene Smart Zigbee Schalter bietet beispiellose Bequemlichkeit und Effizienz. Mit seinem modularen Design kann er einfach installiert oder ersetzt werden, was Systemaktualisierungen zu einem Kinderspiel macht. Dar\u00fcber hinaus, als Teil des Zigbee-\u00d6kosystems, kann er mit einer Vielzahl von intelligenten Ger\u00e4ten kommunizieren, was Interoperabilit\u00e4t f\u00f6rdert und die Gesamtfunktionalit\u00e4t des intelligenten Systems erh\u00f6ht. F\u00fcr Hausbesitzer, Ingenieure und Facility-Manager, die nach einer zuverl\u00e4ssigen und intelligenten Steuerungsl\u00f6sung suchen, ist der DIN-Schiene Smart Zigbee Schalter ein Game Changer.<\/p>\n<p><img decoding=\"async\" class=\"alignnone size-full wp-image-16871\" src=\"https:\/\/elcb.net\/wp-content\/uploads\/2023\/03\/Logo-Zigbee-icon.jpg\" alt=\"\" width=\"21\" height=\"21\" \/>\u00a0 \u00a0<img decoding=\"async\" class=\"alignnone size-full wp-image-16869\" src=\"https:\/\/elcb.net\/wp-content\/uploads\/2023\/03\/Logo-Tuya-icon.jpg\" alt=\"\" width=\"21\" height=\"21\" \/>\u00a0 \u00a0<img decoding=\"async\" class=\"alignnone size-full wp-image-16868\" src=\"https:\/\/elcb.net\/wp-content\/uploads\/2023\/03\/Logo-Smart-Life-icon.jpg\" alt=\"\" width=\"21\" height=\"21\" \/> \u00a0<img loading=\"lazy\" decoding=\"async\" class=\"alignnone size-full wp-image-16867\" src=\"https:\/\/elcb.net\/wp-content\/uploads\/2023\/03\/Logo-Bluetooth-icon.png\" alt=\"\" width=\"21\" height=\"21\" \/><\/p>\n","protected":false},"author":1,"featured_media":25560,"parent":0,"menu_order":33,"comment_status":"open","ping_status":"closed","template":"","format":"standard","meta":{"rank_math_lock_modified_date":false,"_joinchat":[],"footnotes":"","_links_to":"","_links_to_target":""},"product_cat":[115],"product_tag":[135,136],"class_list":{"0":"post-16305","1":"product","2":"type-product","3":"status-publish","4":"format-standard","5":"has-post-thumbnail","7":"product_cat-intelligenter-schaltkreisbrecher","8":"product_tag-smart-switch","9":"product_tag-wifi-switch","11":"first","12":"instock","13":"shipping-taxable","14":"product-type-simple"},"acf":[],"_links":{"self":[{"href":"https:\/\/www.tongou.com\/de\/wp-json\/wp\/v2\/product\/16305","targetHints":{"allow":["GET"]}}],"collection":[{"href":"https:\/\/www.tongou.com\/de\/wp-json\/wp\/v2\/product"}],"about":[{"href":"https:\/\/www.tongou.com\/de\/wp-json\/wp\/v2\/types\/product"}],"author":[{"embeddable":true,"href":"https:\/\/www.tongou.com\/de\/wp-json\/wp\/v2\/users\/1"}],"replies":[{"embeddable":true,"href":"https:\/\/www.tongou.com\/de\/wp-json\/wp\/v2\/comments?post=16305"}],"version-history":[{"count":0,"href":"https:\/\/www.tongou.com\/de\/wp-json\/wp\/v2\/product\/16305\/revisions"}],"wp:featuredmedia":[{"embeddable":true,"href":"https:\/\/www.tongou.com\/de\/wp-json\/wp\/v2\/media\/25560"}],"wp:attachment":[{"href":"https:\/\/www.tongou.com\/de\/wp-json\/wp\/v2\/media?parent=16305"}],"wp:term":[{"taxonomy":"product_cat","embeddable":true,"href":"https:\/\/www.tongou.com\/de\/wp-json\/wp\/v2\/product_cat?post=16305"},{"taxonomy":"product_tag","embeddable":true,"href":"https:\/\/www.tongou.com\/de\/wp-json\/wp\/v2\/product_tag?post=16305"}],"curies":[{"name":"wp","href":"https:\/\/api.w.org\/{rel}","templated":true}]}}